{"id":994,"date":"2022-10-04T21:13:58","date_gmt":"2022-10-05T00:13:58","guid":{"rendered":"https:\/\/eafv-bue.infd.edu.ar\/sitio\/?page_id=994"},"modified":"2022-10-04T21:33:21","modified_gmt":"2022-10-05T00:33:21","slug":"profesorado-en-artes-visuales","status":"publish","type":"page","link":"https:\/\/eafv-bue.infd.edu.ar\/sitio\/profesorado-en-artes-visuales\/","title":{"rendered":"PROFESORADO DE ARTES VISUALES (ORIENTACIONES EN PINTURA &#8211; ESCULTURA &#8211; GRABADO)"},"content":{"rendered":"\n<p><strong>T\u00edtulo<\/strong>: PROFESORADO DE ARTES VISUALES <\/p>\n\n\n\n<p><strong>Orientaci\u00f3n<\/strong>: ORIENTACION PINTURA &#8211; ESCULTURA &#8211; GRABADO<\/p>\n\n\n\n<p><strong>Modalidad<\/strong>: ARTISTICA<\/p>\n\n\n\n<p><strong>Ley de educaci\u00f3n: <\/strong>LEY DE EDUCACI\u00d3N PROVINCIAL N\u00ba 13.688<\/p>\n\n\n\n<p><strong>Norma jurisdiccional de aprobaci\u00f3n: <\/strong><a href=\"https:\/\/eafv-bue.infd.edu.ar\/sitio\/wp-content\/uploads\/2022\/10\/DC-PROFESORADO-ATES-VISUALES.pdf\" data-type=\"URL\" data-id=\"https:\/\/eafv-bue.infd.edu.ar\/sitio\/wp-content\/uploads\/2022\/10\/DC-PROFESORADO-ATES-VISUALES.pdf\">RESOLUCI\u00d3N N\u00b0 887\/11<\/a><\/p>\n\n\n\n<p>                                                               <\/p>\n\n\n\n<h2 class=\"wp-block-heading\"><strong>DISE\u00d1O CURRICULAR<\/strong><\/h2>\n\n\n\n<pre class=\"wp-block-preformatted\"><strong>MATERIAS<\/strong><\/pre>\n\n\n\n<figure id=\"table_materias\" class=\"wp-block-table\"><table><thead><tr><th>ORDEN<\/th><th>MATERIA<\/th><th>MARCA MODULO<\/th><th>CARGA HORARIA<\/th><\/tr><\/thead><tbody><tr><td>A\u00f1o 1 (PRIMER GRADO)<\/td><\/tr><tr><td>1<\/td><td>LENGUAJE VISUAL I<\/td><td>HS<\/td><td>3<\/td><\/tr><tr><td>2<\/td><td>DIBUJO I<\/td><td>HS<\/td><td>2<\/td><\/tr><tr><td>3<\/td><td>PINTURA I<\/td><td>HS<\/td><td>2<\/td><\/tr><tr><td>4<\/td><td>ESCULTURA I<\/td><td>HS<\/td><td>2<\/td><\/tr><tr><td>5<\/td><td>GRABADO Y ARTE IMPRESO I<\/td><td>HS<\/td><td>2<\/td><\/tr><tr><td>6<\/td><td>HISTORIA DE LAS ARTES VISUALES I<\/td><td>HS<\/td><td>2<\/td><\/tr><tr><td>7<\/td><td>PRACTICA DOCENTE I<\/td><td>HS<\/td><td>3<\/td><\/tr><tr><td>8<\/td><td>HISTORIA SOCIAL GENERAL<\/td><td>HS<\/td><td>2<\/td><\/tr><tr><td>9<\/td><td>PSICOLOG\u00cdA DE LA EDUCACION I<\/td><td>HS<\/td><td>2<\/td><\/tr><tr><td>10<\/td><td>FUNDAMENTOS DE LA EDUCACI\u00d3N<\/td><td>HS<\/td><td>2<\/td><\/tr><tr><td>11<\/td><td>EDI<\/td><td>HS<\/td><td>1<\/td><\/tr><tr><td>A\u00f1o 2 (SEGUNDO GRADO)<\/td><\/tr><tr><td>1<\/td><td>LENGUAJE VISUAL II<\/td><td>HS<\/td><td>3<\/td><\/tr><tr><td>2<\/td><td>DIBUJO II<\/td><td>HS<\/td><td>2<\/td><\/tr><tr><td>3<\/td><td>PINTURA II<\/td><td>HS<\/td><td>2<\/td><\/tr><tr><td>4<\/td><td>ESCULTURA II<\/td><td>HS<\/td><td>2<\/td><\/tr><tr><td>5<\/td><td>GRABADO Y ARTE IMPRESO II<\/td><td>HS<\/td><td>2<\/td><\/tr><tr><td>6<\/td><td>HISTORIA DE LAS ARTES VISUALES II<\/td><td>HS<\/td><td>2<\/td><\/tr><tr><td>7<\/td><td>PRACTICA DOCENTE II<\/td><td>HS<\/td><td>3<\/td><\/tr><tr><td>8<\/td><td>HISTORIA SOCIOPOLITICA DE LATINOAMERICA Y ARGENTINA<\/td><td>HS<\/td><td>2<\/td><\/tr><tr><td>9<\/td><td>DID\u00c1CTICA GENERAL<\/td><td>HS<\/td><td>2<\/td><\/tr><tr><td>10<\/td><td>PSICOLOG\u00cdA DE LA EDUCACION II<\/td><td>HS<\/td><td>2<\/td><\/tr><tr><td>11<\/td><td>EDI<\/td><td>HS<\/td><td>1<\/td><\/tr><tr><td>A\u00f1o 3 (TERCER GRADO)<\/td><\/tr><tr><td>1<\/td><td>LENGUAJE VISUAL III<\/td><td>HS<\/td><td>3<\/td><\/tr><tr><td>2<\/td><td>DIBUJO III<\/td><td>HS<\/td><td>2<\/td><\/tr><tr><td>3<\/td><td>TALLER B\u00c1SICO I PINTURA<\/td><td>HS<\/td><td>5<\/td><\/tr><tr><td>4<\/td><td>TALLER COMPLEMENTARIO I<\/td><td>HS<\/td><td>3<\/td><\/tr><tr><td>5<\/td><td>MEDIOS AUDIOVISUALES E IMAGEN DIGITAL<\/td><td>HS<\/td><td>2<\/td><\/tr><tr><td>6<\/td><td>HISTORIA DE LAS ARTES VISUALES III<\/td><td>HS<\/td><td>2<\/td><\/tr><tr><td>7<\/td><td>DID\u00c1CTICA DE LAS ARTES VISUALES I<\/td><td>HS<\/td><td>2<\/td><\/tr><tr><td>8<\/td><td>PRACTICA DOCENTE III<\/td><td>HS<\/td><td>3<\/td><\/tr><tr><td>9<\/td><td>POL\u00cdTICA EDUCATIVA<\/td><td>HS<\/td><td>2<\/td><\/tr><tr><td>10<\/td><td>TEOR\u00cdAS DEL ARTE I<\/td><td>HS<\/td><td>2<\/td><\/tr><tr><td>11<\/td><td>EDI<\/td><td>HS<\/td><td>1<\/td><\/tr><tr><td>A\u00f1o 4 (CUARTO GRADO)<\/td><\/tr><tr><td>1<\/td><td>TALLER B\u00c1SICO II PINTURA<\/td><td>HS<\/td><td>5<\/td><\/tr><tr><td>2<\/td><td>DIBUJO IV<\/td><td>HS<\/td><td>2<\/td><\/tr><tr><td>3<\/td><td>TALLER COMPLEMENTARIO II<\/td><td>HS<\/td><td>3<\/td><\/tr><tr><td>4<\/td><td>ARTES COMBINADAS<\/td><td>HS<\/td><td>2<\/td><\/tr><tr><td>5<\/td><td>DID\u00c1CTICA DE LAS ARTES VISUALES II<\/td><td>HS<\/td><td>2<\/td><\/tr><tr><td>6<\/td><td>PRACTICA DOCENTE IV<\/td><td>HS<\/td><td>4<\/td><\/tr><tr><td>7<\/td><td>TEORIAS DEL ARTE II<\/td><td>HS<\/td><td>2<\/td><\/tr><tr><td>8<\/td><td>METODOLOG\u00cdA DE LA INVESTIGACI\u00d3N EN ARTE<\/td><td>HS<\/td><td>3<\/td><\/tr><tr><td>9<\/td><td>EDI<\/td><td>HS<\/td><td>1<\/td><\/tr><\/tbody><\/table><\/figure>\n\n\n\n<pre class=\"wp-block-preformatted\"><strong>REGIMEN DE CORRELATIVIDADES<\/strong><\/pre>\n\n\n\n<div class=\"wp-block-image\"><figure class=\"aligncenter size-large\"><img decoding=\"async\" loading=\"lazy\" width=\"1343\" height=\"1900\" src=\"https:\/\/eafv-bue.infd.edu.ar\/sitio\/wp-content\/uploads\/2022\/10\/CORRELATIVIDADES-ARTES-VISUALES-1343x1900.jpg\" alt=\"\" class=\"wp-image-996\" srcset=\"https:\/\/eafv-bue.infd.edu.ar\/sitio\/wp-content\/uploads\/2022\/10\/CORRELATIVIDADES-ARTES-VISUALES-1343x1900.jpg 1343w, https:\/\/eafv-bue.infd.edu.ar\/sitio\/wp-content\/uploads\/2022\/10\/CORRELATIVIDADES-ARTES-VISUALES-707x1000.jpg 707w, https:\/\/eafv-bue.infd.edu.ar\/sitio\/wp-content\/uploads\/2022\/10\/CORRELATIVIDADES-ARTES-VISUALES-768x1087.jpg 768w, https:\/\/eafv-bue.infd.edu.ar\/sitio\/wp-content\/uploads\/2022\/10\/CORRELATIVIDADES-ARTES-VISUALES-1086x1536.jpg 1086w, https:\/\/eafv-bue.infd.edu.ar\/sitio\/wp-content\/uploads\/2022\/10\/CORRELATIVIDADES-ARTES-VISUALES-1447x2048.jpg 1447w, https:\/\/eafv-bue.infd.edu.ar\/sitio\/wp-content\/uploads\/2022\/10\/CORRELATIVIDADES-ARTES-VISUALES-scaled.jpg 1809w\" sizes=\"(max-width: 1343px) 100vw, 1343px\" \/><\/figure><\/div>\n","protected":false},"excerpt":{"rendered":"<p>T\u00edtulo: PROFESORADO DE ARTES VISUALES Orientaci\u00f3n: ORIENTACION PINTURA &#8211; ESCULTURA &#8211; GRABADO Modalidad: ARTISTICA Ley de educaci\u00f3n: LEY DE EDUCACI\u00d3N PROVINCIAL N\u00ba 13.688 Norma jurisdiccional de aprobaci\u00f3n: RESOLUCI\u00d3N N\u00b0 887\/11 DISE\u00d1O CURRICULAR MATERIAS ORDEN MATERIA MARCA MODULO CARGA HORARIA A\u00f1o 1 (PRIMER GRADO) 1 LENGUAJE VISUAL I HS 3 2 DIBUJO I HS 2 3 &#8230; <a title=\"PROFESORADO DE ARTES VISUALES (ORIENTACIONES EN PINTURA &#8211; ESCULTURA &#8211; GRABADO)\" class=\"read-more\" href=\"https:\/\/eafv-bue.infd.edu.ar\/sitio\/profesorado-en-artes-visuales\/\" aria-label=\"More on PROFESORADO DE ARTES VISUALES (ORIENTACIONES EN PINTURA &#8211; ESCULTURA &#8211; GRABADO)\">[+]<\/a><\/p>\n","protected":false},"author":87,"featured_media":0,"parent":0,"menu_order":0,"comment_status":"closed","ping_status":"closed","template":"","meta":[],"acf":[],"_links":{"self":[{"href":"https:\/\/eafv-bue.infd.edu.ar\/sitio\/wp-json\/wp\/v2\/pages\/994"}],"collection":[{"href":"https:\/\/eafv-bue.infd.edu.ar\/sitio\/wp-json\/wp\/v2\/pages"}],"about":[{"href":"https:\/\/eafv-bue.infd.edu.ar\/sitio\/wp-json\/wp\/v2\/types\/page"}],"author":[{"embeddable":true,"href":"https:\/\/eafv-bue.infd.edu.ar\/sitio\/wp-json\/wp\/v2\/users\/87"}],"replies":[{"embeddable":true,"href":"https:\/\/eafv-bue.infd.edu.ar\/sitio\/wp-json\/wp\/v2\/comments?post=994"}],"version-history":[{"count":3,"href":"https:\/\/eafv-bue.infd.edu.ar\/sitio\/wp-json\/wp\/v2\/pages\/994\/revisions"}],"predecessor-version":[{"id":1006,"href":"https:\/\/eafv-bue.infd.edu.ar\/sitio\/wp-json\/wp\/v2\/pages\/994\/revisions\/1006"}],"wp:attachment":[{"href":"https:\/\/eafv-bue.infd.edu.ar\/sitio\/wp-json\/wp\/v2\/media?parent=994"}],"curies":[{"name":"wp","href":"https:\/\/api.w.org\/{rel}","templated":true}]}}