{"id":987,"date":"2022-10-04T19:57:50","date_gmt":"2022-10-04T22:57:50","guid":{"rendered":"https:\/\/eafv-bue.infd.edu.ar\/sitio\/?page_id=987"},"modified":"2022-10-04T19:57:51","modified_gmt":"2022-10-04T22:57:51","slug":"formacion-basica-para-artes-visuales-y-ceramica","status":"publish","type":"page","link":"https:\/\/eafv-bue.infd.edu.ar\/sitio\/formacion-basica-para-artes-visuales-y-ceramica\/","title":{"rendered":"FORMACI\u00d3N B\u00c1SICA PARA ARTES VISUALES Y CER\u00c1MICA"},"content":{"rendered":"\n<p><strong>T\u00edtulo<\/strong>: FORMACI\u00d3N B\u00c1SICA ARTES VISUALES<\/p>\n\n\n\n<p><strong>Orientaci\u00f3n: <\/strong>ARTES VISUALES<\/p>\n\n\n\n<p><strong>Modalidad: <\/strong>ARTISTICA<\/p>\n\n\n\n<p><strong>Ley de educaci\u00f3n: <\/strong>LEY DE EDUCACI\u00d3N PROVINCIAL N\u00ba 13.688<\/p>\n\n\n\n<p><strong>Norma jurisdiccional de aprobaci\u00f3n: <\/strong><a href=\"https:\/\/eafv-bue.infd.edu.ar\/sitio\/wp-content\/uploads\/2022\/10\/1999_Resolucion-13253-FOBA.pdf\" data-type=\"URL\" data-id=\"https:\/\/eafv-bue.infd.edu.ar\/sitio\/wp-content\/uploads\/2022\/10\/1999_Resolucion-13253-FOBA.pdf\">RESOLUCION N\u00b0 13.253\/99<\/a><\/p>\n\n\n\n<p><\/p>\n\n\n\n<pre class=\"wp-block-preformatted\"><strong>MATERIAS<\/strong><\/pre>\n\n\n\n<figure id=\"table_materias\" class=\"wp-block-table\"><table><thead><tr><th>ORDEN<\/th><th>MATERIA<\/th><th>MARCA MODULO<\/th><th>CARGA HORARIA<\/th><\/tr><\/thead><tbody><tr><td>1- A\u00d1O PRIMERO (1) &#8211; CICLO BASICO<\/td><\/tr><tr><td>1<\/td><td>DIBUJO<\/td><td>M<\/td><td>3<\/td><\/tr><tr><td>2<\/td><td>PINTURA<\/td><td>M<\/td><td>3<\/td><\/tr><tr><td>3<\/td><td>GRABADO<\/td><td>M<\/td><td>3<\/td><\/tr><tr><td>4<\/td><td>ESCULTURA &#8211; CERAMICA *1<\/td><td>M<\/td><td>4<\/td><\/tr><tr><td>5<\/td><td>GRAFICA<\/td><td>M<\/td><td>3<\/td><\/tr><tr><td>6<\/td><td>LENGUAJE VISUAL<\/td><td>M<\/td><td>4<\/td><\/tr><tr><td>7<\/td><td>HISTORIA DEL ARTE Y LA CULTURA<\/td><td>M<\/td><td>2<\/td><\/tr><tr><td>8<\/td><td>INTRODUCCION AL ANALISIS<\/td><td>M<\/td><td>2<\/td><\/tr><\/tbody><\/table><\/figure>\n\n\n\n<p><\/p>\n","protected":false},"excerpt":{"rendered":"<p>T\u00edtulo: FORMACI\u00d3N B\u00c1SICA ARTES VISUALES Orientaci\u00f3n: ARTES VISUALES Modalidad: ARTISTICA Ley de educaci\u00f3n: LEY DE EDUCACI\u00d3N PROVINCIAL N\u00ba 13.688 Norma jurisdiccional de aprobaci\u00f3n: RESOLUCION N\u00b0 13.253\/99 MATERIAS ORDEN MATERIA MARCA MODULO CARGA HORARIA 1- A\u00d1O PRIMERO (1) &#8211; CICLO BASICO 1 DIBUJO M 3 2 PINTURA M 3 3 GRABADO M 3 4 ESCULTURA &#8211; &#8230; <a title=\"FORMACI\u00d3N B\u00c1SICA PARA ARTES VISUALES Y CER\u00c1MICA\" class=\"read-more\" href=\"https:\/\/eafv-bue.infd.edu.ar\/sitio\/formacion-basica-para-artes-visuales-y-ceramica\/\" aria-label=\"More on FORMACI\u00d3N B\u00c1SICA PARA ARTES VISUALES Y CER\u00c1MICA\">[+]<\/a><\/p>\n","protected":false},"author":87,"featured_media":0,"parent":0,"menu_order":0,"comment_status":"closed","ping_status":"closed","template":"","meta":[],"acf":[],"_links":{"self":[{"href":"https:\/\/eafv-bue.infd.edu.ar\/sitio\/wp-json\/wp\/v2\/pages\/987"}],"collection":[{"href":"https:\/\/eafv-bue.infd.edu.ar\/sitio\/wp-json\/wp\/v2\/pages"}],"about":[{"href":"https:\/\/eafv-bue.infd.edu.ar\/sitio\/wp-json\/wp\/v2\/types\/page"}],"author":[{"embeddable":true,"href":"https:\/\/eafv-bue.infd.edu.ar\/sitio\/wp-json\/wp\/v2\/users\/87"}],"replies":[{"embeddable":true,"href":"https:\/\/eafv-bue.infd.edu.ar\/sitio\/wp-json\/wp\/v2\/comments?post=987"}],"version-history":[{"count":1,"href":"https:\/\/eafv-bue.infd.edu.ar\/sitio\/wp-json\/wp\/v2\/pages\/987\/revisions"}],"predecessor-version":[{"id":990,"href":"https:\/\/eafv-bue.infd.edu.ar\/sitio\/wp-json\/wp\/v2\/pages\/987\/revisions\/990"}],"wp:attachment":[{"href":"https:\/\/eafv-bue.infd.edu.ar\/sitio\/wp-json\/wp\/v2\/media?parent=987"}],"curies":[{"name":"wp","href":"https:\/\/api.w.org\/{rel}","templated":true}]}}