{"id":958,"date":"2022-10-03T20:17:39","date_gmt":"2022-10-03T23:17:39","guid":{"rendered":"https:\/\/eafv-bue.infd.edu.ar\/sitio\/?page_id=958"},"modified":"2025-11-06T23:49:24","modified_gmt":"2025-11-07T02:49:24","slug":"inscripciones2026","status":"publish","type":"page","link":"https:\/\/eafv-bue.infd.edu.ar\/sitio\/inscripciones2026\/","title":{"rendered":"PRE INSCRIPCI\u00d3N AL CICLO LECTIVO 2026"},"content":{"rendered":"\n<p>DESDE EL DIA 15 DE NOVIEMBRE DE 2025 SE ABRIR\u00c1N LAS INSCRIPCIONES PARA EL CICLO 2026 EN NUESTRA INSTITUCI\u00d3N.<\/p>\n\n\n\n<p>ACCED\u00c9 AL FORMULARIO DE PREINSCRIPCI\u00d3N DESDE LOS SIGUIENTES LINKS O ESCANEANDO EL QR DESDE LA IMAGEN CORRESPONDIENTE AL NIVEL O CARRERA QUE QUIERAS ESTUDIAR.<\/p>\n\n\n\n<p><a href=\"https:\/\/forms.gle\/Gsb5YbXUydvMxy9e9\" data-type=\"URL\" data-id=\"https:\/\/forms.gle\/Gsb5YbXUydvMxy9e9\">TALLER DE INICIACI\u00d3N MUSICAL<\/a><\/p>\n\n\n\n<p><a href=\"https:\/\/forms.gle\/vcZ7xuijVt9WJWod9\" data-type=\"URL\" data-id=\"https:\/\/forms.gle\/vcZ7xuijVt9WJWod9\">FO.BA. M\u00daSICA<\/a><\/p>\n\n\n\n<p><a href=\"https:\/\/forms.gle\/xCWjpTVdJLECwAy29\" data-type=\"URL\" data-id=\"https:\/\/forms.gle\/xCWjpTVdJLECwAy29\">FO.BA. CANTO POPULAR<\/a><\/p>\n\n\n\n<p><a href=\"https:\/\/forms.gle\/dZj6o7j6e5eD9UwV7\" data-type=\"URL\" data-id=\"https:\/\/forms.gle\/dZj6o7j6e5eD9UwV7\">FO.BA. CANTO L\u00cdRICO CAMAR\u00cdSTICO<\/a><\/p>\n\n\n\n<p><a href=\"https:\/\/forms.gle\/G92jGEHWz4HoYtwbA\" data-type=\"URL\" data-id=\"https:\/\/forms.gle\/G92jGEHWz4HoYtwbA\">FO.BA. ARTES VISUALES Y CER\u00c1MICA<\/a><\/p>\n\n\n\n<figure class=\"wp-block-gallery has-nested-images columns-default is-cropped wp-block-gallery-1 is-layout-flex\">\n<figure class=\"wp-block-image alignfull size-large\"><img decoding=\"async\" loading=\"lazy\" width=\"1080\" height=\"1350\" data-id=\"1960\"  src=\"https:\/\/eafv-bue.infd.edu.ar\/sitio\/wp-content\/uploads\/2025\/11\/1.png\" alt=\"\" class=\"wp-image-1960\" srcset=\"https:\/\/eafv-bue.infd.edu.ar\/sitio\/wp-content\/uploads\/2025\/11\/1.png 1080w, https:\/\/eafv-bue.infd.edu.ar\/sitio\/wp-content\/uploads\/2025\/11\/1-800x1000.png 800w, https:\/\/eafv-bue.infd.edu.ar\/sitio\/wp-content\/uploads\/2025\/11\/1-768x960.png 768w\" sizes=\"(max-width: 1080px) 100vw, 1080px\" \/><\/figure>\n\n\n\n<figure class=\"wp-block-image alignfull size-large\"><img decoding=\"async\" loading=\"lazy\" width=\"1080\" height=\"1350\" data-id=\"1961\"  src=\"https:\/\/eafv-bue.infd.edu.ar\/sitio\/wp-content\/uploads\/2025\/11\/2.png\" alt=\"\" class=\"wp-image-1961\" srcset=\"https:\/\/eafv-bue.infd.edu.ar\/sitio\/wp-content\/uploads\/2025\/11\/2.png 1080w, https:\/\/eafv-bue.infd.edu.ar\/sitio\/wp-content\/uploads\/2025\/11\/2-800x1000.png 800w, https:\/\/eafv-bue.infd.edu.ar\/sitio\/wp-content\/uploads\/2025\/11\/2-768x960.png 768w\" sizes=\"(max-width: 1080px) 100vw, 1080px\" \/><\/figure>\n\n\n\n<figure class=\"wp-block-image alignfull size-large\"><img decoding=\"async\" loading=\"lazy\" width=\"1080\" height=\"1350\" data-id=\"1962\"  src=\"https:\/\/eafv-bue.infd.edu.ar\/sitio\/wp-content\/uploads\/2025\/11\/3.png\" alt=\"\" class=\"wp-image-1962\" srcset=\"https:\/\/eafv-bue.infd.edu.ar\/sitio\/wp-content\/uploads\/2025\/11\/3.png 1080w, https:\/\/eafv-bue.infd.edu.ar\/sitio\/wp-content\/uploads\/2025\/11\/3-800x1000.png 800w, https:\/\/eafv-bue.infd.edu.ar\/sitio\/wp-content\/uploads\/2025\/11\/3-768x960.png 768w\" sizes=\"(max-width: 1080px) 100vw, 1080px\" \/><\/figure>\n\n\n\n<figure class=\"wp-block-image alignfull size-large\"><img decoding=\"async\" loading=\"lazy\" width=\"1080\" height=\"1350\" data-id=\"1965\"  src=\"https:\/\/eafv-bue.infd.edu.ar\/sitio\/wp-content\/uploads\/2025\/11\/4.png\" alt=\"\" class=\"wp-image-1965\" srcset=\"https:\/\/eafv-bue.infd.edu.ar\/sitio\/wp-content\/uploads\/2025\/11\/4.png 1080w, https:\/\/eafv-bue.infd.edu.ar\/sitio\/wp-content\/uploads\/2025\/11\/4-800x1000.png 800w, https:\/\/eafv-bue.infd.edu.ar\/sitio\/wp-content\/uploads\/2025\/11\/4-768x960.png 768w\" sizes=\"(max-width: 1080px) 100vw, 1080px\" \/><\/figure>\n\n\n\n<figure class=\"wp-block-image alignfull size-large\"><img decoding=\"async\" loading=\"lazy\" width=\"1080\" height=\"1350\" data-id=\"1964\"  src=\"https:\/\/eafv-bue.infd.edu.ar\/sitio\/wp-content\/uploads\/2025\/11\/5.png\" alt=\"\" class=\"wp-image-1964\" srcset=\"https:\/\/eafv-bue.infd.edu.ar\/sitio\/wp-content\/uploads\/2025\/11\/5.png 1080w, https:\/\/eafv-bue.infd.edu.ar\/sitio\/wp-content\/uploads\/2025\/11\/5-800x1000.png 800w, https:\/\/eafv-bue.infd.edu.ar\/sitio\/wp-content\/uploads\/2025\/11\/5-768x960.png 768w\" sizes=\"(max-width: 1080px) 100vw, 1080px\" \/><\/figure>\n\n\n\n<figure class=\"wp-block-image alignfull size-large\"><img decoding=\"async\" loading=\"lazy\" width=\"1080\" height=\"1350\" data-id=\"1963\"  src=\"https:\/\/eafv-bue.infd.edu.ar\/sitio\/wp-content\/uploads\/2025\/11\/6.png\" alt=\"\" class=\"wp-image-1963\" srcset=\"https:\/\/eafv-bue.infd.edu.ar\/sitio\/wp-content\/uploads\/2025\/11\/6.png 1080w, https:\/\/eafv-bue.infd.edu.ar\/sitio\/wp-content\/uploads\/2025\/11\/6-800x1000.png 800w, https:\/\/eafv-bue.infd.edu.ar\/sitio\/wp-content\/uploads\/2025\/11\/6-768x960.png 768w\" sizes=\"(max-width: 1080px) 100vw, 1080px\" \/><\/figure>\n\n\n\n<figure class=\"wp-block-image alignfull size-large\"><img decoding=\"async\" loading=\"lazy\" width=\"1080\" height=\"1350\" data-id=\"1966\"  src=\"https:\/\/eafv-bue.infd.edu.ar\/sitio\/wp-content\/uploads\/2025\/11\/7.png\" alt=\"\" class=\"wp-image-1966\" srcset=\"https:\/\/eafv-bue.infd.edu.ar\/sitio\/wp-content\/uploads\/2025\/11\/7.png 1080w, https:\/\/eafv-bue.infd.edu.ar\/sitio\/wp-content\/uploads\/2025\/11\/7-800x1000.png 800w, https:\/\/eafv-bue.infd.edu.ar\/sitio\/wp-content\/uploads\/2025\/11\/7-768x960.png 768w\" sizes=\"(max-width: 1080px) 100vw, 1080px\" \/><\/figure>\n<\/figure>\n\n\n\n<p>FECHA DE ENTREGA DE DOCUMENTACI\u00d3N: 19\/02\/2026 AL 07\/03\/2026 EN LA SEDE CENTRAL DE LA ESCUELA DE ARTE DE FLORENCIO VARELA, SAN JUAN 122.<\/p>\n\n\n\n<p>HORARIOS: LUNES A VIERNES   10:00 A 12:00<\/p>\n\n\n\n<p>&nbsp; &nbsp; &nbsp; &nbsp; &nbsp; &nbsp; &nbsp; &nbsp; &nbsp; &nbsp; &nbsp; &nbsp; &nbsp; &nbsp; &nbsp; &nbsp; &nbsp; &nbsp; &nbsp; &nbsp; &nbsp; &nbsp; &nbsp; &nbsp; &nbsp; &nbsp;       &nbsp; 14:00 A 16:00<\/p>\n\n\n\n<p>&nbsp; &nbsp; &nbsp; &nbsp; &nbsp; &nbsp; &nbsp; &nbsp; &nbsp; &nbsp; &nbsp; &nbsp; &nbsp; &nbsp; &nbsp; &nbsp; &nbsp; &nbsp; &nbsp; &nbsp; &nbsp; &nbsp; &nbsp; &nbsp; &nbsp; &nbsp;      &nbsp; 18:00 A 20:00<\/p>\n\n\n\n<p>EN CASO DE SER MENOR DE EDAD DEBER\u00c1 ADJUNTAR A LA DOCUMENTACION LA PLANILLA DE AUTORIZACI\u00d3N DE RETIRO DE MENOR DE EDAD, COMPLETA Y FIRMADA POR ADULTO RESPONSABLE&nbsp; CON FOTOCOPIAS DE DNI DE LAS PERSONAS AUTORIZADAS. <a href=\"https:\/\/eafv-bue.infd.edu.ar\/sitio\/wp-content\/uploads\/2024\/02\/AUTORIZACION-MENORES.pdf\" data-type=\"URL\" data-id=\"https:\/\/eafv-bue.infd.edu.ar\/sitio\/wp-content\/uploads\/2024\/02\/AUTORIZACION-MENORES.pdf\">DESCARGALA AQU\u00cd<\/a><\/p>\n\n\n\n<p>DOCUMENTACI\u00d3N A PRESENTAR:<\/p>\n\n\n\n<p>(EN CARPETA DE TRES SOLAPAS)<\/p>\n\n\n\n<ul>\n<li>PLANILLA DE INSCRIPCI\u00d3N COMPLETA <a href=\"https:\/\/eafv-bue.infd.edu.ar\/sitio\/wp-content\/uploads\/2025\/02\/PLANILLA-DE-INSCRIPCION-AUTORIZACION-DE-RETIRO.pdf\" data-type=\"URL\" data-id=\"https:\/\/eafv-bue.infd.edu.ar\/sitio\/wp-content\/uploads\/2025\/02\/PLANILLA-DE-INSCRIPCION-AUTORIZACION-DE-RETIRO.pdf\">(DESCARGALA AQU\u00cd)<\/a><\/li>\n\n\n\n<li>FOTOCOPIA DE DNI<\/li>\n\n\n\n<li>TITULO SECUNDARIO O CERTIFICADO DE ALUMNO REGULAR.<\/li>\n\n\n\n<li>APTO PSICOFISICO<\/li>\n\n\n\n<li>CERTIFICADO DE APTITUD CORDAL (SOLO CANTO)&nbsp;<\/li>\n\n\n\n<li>FOTO TIPO CARNET (ACTUALIZADA)<\/li>\n<\/ul>\n\n\n\n<p><\/p>\n","protected":false},"excerpt":{"rendered":"<p>DESDE EL DIA 15 DE NOVIEMBRE DE 2025 SE ABRIR\u00c1N LAS INSCRIPCIONES PARA EL CICLO 2026 EN NUESTRA INSTITUCI\u00d3N. ACCED\u00c9 AL FORMULARIO DE PREINSCRIPCI\u00d3N DESDE LOS SIGUIENTES LINKS O ESCANEANDO EL QR DESDE LA IMAGEN CORRESPONDIENTE AL NIVEL O CARRERA QUE QUIERAS ESTUDIAR. TALLER DE INICIACI\u00d3N MUSICAL FO.BA. M\u00daSICA FO.BA. CANTO POPULAR FO.BA. CANTO L\u00cdRICO &#8230; <a title=\"PRE INSCRIPCI\u00d3N AL CICLO LECTIVO 2026\" class=\"read-more\" href=\"https:\/\/eafv-bue.infd.edu.ar\/sitio\/inscripciones2026\/\" aria-label=\"More on PRE INSCRIPCI\u00d3N AL CICLO LECTIVO 2026\">[+]<\/a><\/p>\n","protected":false},"author":87,"featured_media":0,"parent":0,"menu_order":0,"comment_status":"closed","ping_status":"closed","template":"","meta":[],"acf":[],"_links":{"self":[{"href":"https:\/\/eafv-bue.infd.edu.ar\/sitio\/wp-json\/wp\/v2\/pages\/958"}],"collection":[{"href":"https:\/\/eafv-bue.infd.edu.ar\/sitio\/wp-json\/wp\/v2\/pages"}],"about":[{"href":"https:\/\/eafv-bue.infd.edu.ar\/sitio\/wp-json\/wp\/v2\/types\/page"}],"author":[{"embeddable":true,"href":"https:\/\/eafv-bue.infd.edu.ar\/sitio\/wp-json\/wp\/v2\/users\/87"}],"replies":[{"embeddable":true,"href":"https:\/\/eafv-bue.infd.edu.ar\/sitio\/wp-json\/wp\/v2\/comments?post=958"}],"version-history":[{"count":20,"href":"https:\/\/eafv-bue.infd.edu.ar\/sitio\/wp-json\/wp\/v2\/pages\/958\/revisions"}],"predecessor-version":[{"id":1972,"href":"https:\/\/eafv-bue.infd.edu.ar\/sitio\/wp-json\/wp\/v2\/pages\/958\/revisions\/1972"}],"wp:attachment":[{"href":"https:\/\/eafv-bue.infd.edu.ar\/sitio\/wp-json\/wp\/v2\/media?parent=958"}],"curies":[{"name":"wp","href":"https:\/\/api.w.org\/{rel}","templated":true}]}}