{"id":955,"date":"2022-10-03T20:15:12","date_gmt":"2022-10-03T23:15:12","guid":{"rendered":"https:\/\/eafv-bue.infd.edu.ar\/sitio\/?page_id=955"},"modified":"2022-10-04T19:27:07","modified_gmt":"2022-10-04T22:27:07","slug":"inscripcion-2023-artes-visuales","status":"publish","type":"page","link":"https:\/\/eafv-bue.infd.edu.ar\/sitio\/inscripcion-2023-artes-visuales\/","title":{"rendered":"ARTES VISUALES Y CER\u00c1MICA"},"content":{"rendered":"\n<p><strong>INGRESANTES FOBA<\/strong> <strong>ARTES VISUALES &#8211; CERAMICA<\/strong> <strong>PARA<\/strong> <strong>JOVENES Y ADULTOS<\/strong><\/p>\n\n\n\n<ul><li>Ingreso a partir de los 17 a\u00f1os<\/li><li>Debe poseer T\u00edtulo Secundario completo o estar cursando el \u00faltimo a\u00f1o de la Escuela Secundaria<\/li><li>Duraci\u00f3n FOBA: 1 a\u00f1o<\/li><li>Cantidad de Materias: 9 DE CURSADAS ANUALES<\/li><\/ul>\n\n\n\n<p>Para acceder a las carreras de profesorados se debe cumplimentar el ciclo de <strong>FORMACION BASICA&nbsp;&nbsp;FO.BA.<\/strong>&nbsp;&nbsp; <strong>ARTES VISUALES<\/strong><\/p>\n\n\n\n<p><strong>HORARIOS DE CURSADAS<\/strong><\/p>\n\n\n\n<ul><li><strong>Turno ma\u00f1ana: Lun a Vie de 7:30 hs. A 12:30 hs.<\/strong><\/li><li><strong>Turno Tarde: Lun a Vie de 13 hs a 18 hs.<\/strong><\/li><li><strong>Turno Vespertino: Lun a Vie de 17 hs. A 22 hs.<\/strong><\/li><\/ul>\n\n\n\n<p><strong>MATERIAS DE FOBA ARTES VISUALES<\/strong><\/p>\n\n\n\n<ul><li><strong>Dibujo<\/strong><\/li><li><strong>Pintura<\/strong><\/li><li><strong>Grabado<\/strong><\/li><li><strong>Escultura<\/strong><\/li><li><strong>Cer\u00e1mica<\/strong><\/li><li><strong>Gr\u00e1fica<\/strong><\/li><li><strong>Lenguaje Visual<\/strong><\/li><li><strong>Historia del Arte y la Cultura<\/strong><\/li><li><strong>Introducci\u00f3n al An\u00e1lisis<\/strong><\/li><\/ul>\n\n\n\n<p><\/p>\n","protected":false},"excerpt":{"rendered":"<p>INGRESANTES FOBA ARTES VISUALES &#8211; CERAMICA PARA JOVENES Y ADULTOS Ingreso a partir de los 17 a\u00f1os Debe poseer T\u00edtulo Secundario completo o estar cursando el \u00faltimo a\u00f1o de la Escuela Secundaria Duraci\u00f3n FOBA: 1 a\u00f1o Cantidad de Materias: 9 DE CURSADAS ANUALES Para acceder a las carreras de profesorados se debe cumplimentar el ciclo &#8230; <a title=\"ARTES VISUALES Y CER\u00c1MICA\" class=\"read-more\" href=\"https:\/\/eafv-bue.infd.edu.ar\/sitio\/inscripcion-2023-artes-visuales\/\" aria-label=\"More on ARTES VISUALES Y CER\u00c1MICA\">[+]<\/a><\/p>\n","protected":false},"author":87,"featured_media":0,"parent":0,"menu_order":0,"comment_status":"closed","ping_status":"closed","template":"","meta":[],"acf":[],"_links":{"self":[{"href":"https:\/\/eafv-bue.infd.edu.ar\/sitio\/wp-json\/wp\/v2\/pages\/955"}],"collection":[{"href":"https:\/\/eafv-bue.infd.edu.ar\/sitio\/wp-json\/wp\/v2\/pages"}],"about":[{"href":"https:\/\/eafv-bue.infd.edu.ar\/sitio\/wp-json\/wp\/v2\/types\/page"}],"author":[{"embeddable":true,"href":"https:\/\/eafv-bue.infd.edu.ar\/sitio\/wp-json\/wp\/v2\/users\/87"}],"replies":[{"embeddable":true,"href":"https:\/\/eafv-bue.infd.edu.ar\/sitio\/wp-json\/wp\/v2\/comments?post=955"}],"version-history":[{"count":3,"href":"https:\/\/eafv-bue.infd.edu.ar\/sitio\/wp-json\/wp\/v2\/pages\/955\/revisions"}],"predecessor-version":[{"id":977,"href":"https:\/\/eafv-bue.infd.edu.ar\/sitio\/wp-json\/wp\/v2\/pages\/955\/revisions\/977"}],"wp:attachment":[{"href":"https:\/\/eafv-bue.infd.edu.ar\/sitio\/wp-json\/wp\/v2\/media?parent=955"}],"curies":[{"name":"wp","href":"https:\/\/api.w.org\/{rel}","templated":true}]}}