{"id":950,"date":"2022-09-29T21:02:50","date_gmt":"2022-09-30T00:02:50","guid":{"rendered":"https:\/\/eafv-bue.infd.edu.ar\/sitio\/?page_id=950"},"modified":"2022-10-06T21:05:33","modified_gmt":"2022-10-07T00:05:33","slug":"950-2","status":"publish","type":"page","link":"https:\/\/eafv-bue.infd.edu.ar\/sitio\/950-2\/","title":{"rendered":"FORMACI\u00d3N B\u00c1SICA PARA J\u00d3VENES Y ADULTOS (CANTO L\u00cdRICO-CAMARISTICO)"},"content":{"rendered":"\n<p><strong>T\u00edtulo<\/strong>: FORMACI\u00d3N B\u00c1SICA PARA J\u00d3VENES Y ADULTOS (CANTO L\u00cdRICO-CAMARISTICO)<\/p>\n\n\n\n<p><strong>Orientaci\u00f3n: <\/strong>MUSICA<\/p>\n\n\n\n<p><strong>Modalidad: <\/strong>ARTISTICA<\/p>\n\n\n\n<p><strong>Ley de educaci\u00f3n: <\/strong>LEY DE EDUCACI\u00d3N PROVINCIAL N\u00ba 13.688<\/p>\n\n\n\n<p><strong>Norma jurisdiccional de aprobaci\u00f3n<\/strong>: <a href=\"https:\/\/eafv-bue.infd.edu.ar\/aula\/archivos\/repositorio\/\/0\/141\/downloaded.pdf\" data-type=\"URL\" data-id=\"https:\/\/eafv-bue.infd.edu.ar\/aula\/archivos\/repositorio\/\/0\/141\/downloaded.pdf\">RESOLUCION N\u00ba13231\/99<\/a><\/p>\n\n\n\n<p><\/p>\n\n\n\n<pre class=\"wp-block-preformatted\"><strong>DISE\u00d1O CURRICULAR<\/strong><\/pre>\n\n\n\n<figure id=\"table_materias\" class=\"wp-block-table\"><table><thead><tr><th>ORDEN<\/th><th>MATERIA<\/th><th>MARCA MODULO<\/th><th>CARGA HORARIA<\/th><\/tr><\/thead><tbody><tr><td>1- A\u00d1O PRIMERO (1) &#8211; CICLO BASICO<\/td><\/tr><tr><td>1<\/td><td>CANTO I<\/td><td>HS<\/td><td>2<\/td><\/tr><tr><td>2<\/td><td>TRABAJO CORPORAL I<\/td><td>HS<\/td><td>2<\/td><\/tr><tr><td>3<\/td><td>FONIATRIA I<\/td><td>HS<\/td><td>2<\/td><\/tr><tr><td>4<\/td><td>DICCION ITALIANA<\/td><td>HS<\/td><td>2<\/td><\/tr><tr><td>5<\/td><td>LENGUAJE MUSICAL NIVEL I (MODULOS 1-2)<\/td><td>HS<\/td><td>4<\/td><\/tr><tr><td>2- A\u00d1O SEGUNDO (2) &#8211; CICLO BASICO<\/td><\/tr><tr><td>1<\/td><td>CANTO II<\/td><td>HS<\/td><td>2<\/td><\/tr><tr><td>2<\/td><td>REPERTORIO I<\/td><td>HS<\/td><td>1<\/td><\/tr><tr><td>3<\/td><td>INSTRUMENTO ARMONICO (PIANO) I<\/td><td>HS<\/td><td>1<\/td><\/tr><tr><td>4<\/td><td>TRABAJO CORPORAL II<\/td><td>HS<\/td><td>2<\/td><\/tr><tr><td>5<\/td><td>FONIATRIA II<\/td><td>HS<\/td><td>2<\/td><\/tr><tr><td>6<\/td><td>DICCION ALEMANA<\/td><td>HS<\/td><td>2<\/td><\/tr><tr><td>7<\/td><td>LENGUAJE MUSICAL NIVEL II (MODULOS 3-4)<\/td><td>HS<\/td><td>4<\/td><\/tr><tr><td>8<\/td><td>APRECIACION MUSICAL I<\/td><td>HS<\/td><td>2<\/td><\/tr><tr><td>3- A\u00d1O TERCERO (3) &#8211; CICLO BASICO<\/td><\/tr><tr><td>1<\/td><td>CANTO III<\/td><td>HS<\/td><td>2<\/td><\/tr><tr><td>2<\/td><td>REPERTORIO II<\/td><td>HS<\/td><td>1<\/td><\/tr><tr><td>3<\/td><td>PRACTICA DE CONJUNTO VOCAL E INSTRUMENTAL I<\/td><td>HS<\/td><td>2<\/td><\/tr><tr><td>4<\/td><td>INSTRUMENTO ARMONICO (PIANO) I<\/td><td>HS<\/td><td>1<\/td><\/tr><tr><td>5<\/td><td>DICCION FRANCESA<\/td><td>HS<\/td><td>2<\/td><\/tr><tr><td>6<\/td><td>LENGUAJE MUSICAL NIVEL III (MODULOS 5-6)<\/td><td>HS<\/td><td>4<\/td><\/tr><tr><td>7<\/td><td>APRECIACION MUSICAL II<\/td><td>HS<\/td><td>2<\/td><\/tr><\/tbody><\/table><\/figure>\n","protected":false},"excerpt":{"rendered":"<p>T\u00edtulo: FORMACI\u00d3N B\u00c1SICA PARA J\u00d3VENES Y ADULTOS (CANTO L\u00cdRICO-CAMARISTICO) Orientaci\u00f3n: MUSICA Modalidad: ARTISTICA Ley de educaci\u00f3n: LEY DE EDUCACI\u00d3N PROVINCIAL N\u00ba 13.688 Norma jurisdiccional de aprobaci\u00f3n: RESOLUCION N\u00ba13231\/99 DISE\u00d1O CURRICULAR ORDEN MATERIA MARCA MODULO CARGA HORARIA 1- A\u00d1O PRIMERO (1) &#8211; CICLO BASICO 1 CANTO I HS 2 2 TRABAJO CORPORAL I HS 2 3 &#8230; <a title=\"FORMACI\u00d3N B\u00c1SICA PARA J\u00d3VENES Y ADULTOS (CANTO L\u00cdRICO-CAMARISTICO)\" class=\"read-more\" href=\"https:\/\/eafv-bue.infd.edu.ar\/sitio\/950-2\/\" aria-label=\"More on FORMACI\u00d3N B\u00c1SICA PARA J\u00d3VENES Y ADULTOS (CANTO L\u00cdRICO-CAMARISTICO)\">[+]<\/a><\/p>\n","protected":false},"author":87,"featured_media":0,"parent":0,"menu_order":0,"comment_status":"closed","ping_status":"closed","template":"","meta":[],"acf":[],"_links":{"self":[{"href":"https:\/\/eafv-bue.infd.edu.ar\/sitio\/wp-json\/wp\/v2\/pages\/950"}],"collection":[{"href":"https:\/\/eafv-bue.infd.edu.ar\/sitio\/wp-json\/wp\/v2\/pages"}],"about":[{"href":"https:\/\/eafv-bue.infd.edu.ar\/sitio\/wp-json\/wp\/v2\/types\/page"}],"author":[{"embeddable":true,"href":"https:\/\/eafv-bue.infd.edu.ar\/sitio\/wp-json\/wp\/v2\/users\/87"}],"replies":[{"embeddable":true,"href":"https:\/\/eafv-bue.infd.edu.ar\/sitio\/wp-json\/wp\/v2\/comments?post=950"}],"version-history":[{"count":3,"href":"https:\/\/eafv-bue.infd.edu.ar\/sitio\/wp-json\/wp\/v2\/pages\/950\/revisions"}],"predecessor-version":[{"id":1046,"href":"https:\/\/eafv-bue.infd.edu.ar\/sitio\/wp-json\/wp\/v2\/pages\/950\/revisions\/1046"}],"wp:attachment":[{"href":"https:\/\/eafv-bue.infd.edu.ar\/sitio\/wp-json\/wp\/v2\/media?parent=950"}],"curies":[{"name":"wp","href":"https:\/\/api.w.org\/{rel}","templated":true}]}}