{"id":942,"date":"2022-09-29T20:26:10","date_gmt":"2022-09-29T23:26:10","guid":{"rendered":"https:\/\/eafv-bue.infd.edu.ar\/sitio\/?page_id=942"},"modified":"2022-10-06T21:04:25","modified_gmt":"2022-10-07T00:04:25","slug":"942-2","status":"publish","type":"page","link":"https:\/\/eafv-bue.infd.edu.ar\/sitio\/942-2\/","title":{"rendered":"FORMACI\u00d3N BASICA PARA JOVENES Y ADULTOS"},"content":{"rendered":"\n<p><strong>T\u00edtulo<\/strong>: FORMACI\u00d3N BASICA PARA JOVENES Y ADULTOS<\/p>\n\n\n\n<p><strong>Orientaci\u00f3n: <\/strong>MUSICA<\/p>\n\n\n\n<p><strong>Modalidad: <\/strong>ARTISTICA<\/p>\n\n\n\n<p><strong>Ley de educaci\u00f3n: <\/strong>LEY DE EDUCACI\u00d3N PROVINCIAL N\u00ba 13.688<\/p>\n\n\n\n<p><strong>Norma jurisdiccional de aprobaci\u00f3n: <\/strong><a href=\"https:\/\/eafv-bue.infd.edu.ar\/sitio\/wp-content\/uploads\/2022\/09\/1999_Resolucion_13231.pdf\" data-type=\"URL\" data-id=\"https:\/\/eafv-bue.infd.edu.ar\/sitio\/wp-content\/uploads\/2022\/09\/1999_Resolucion_13231.pdf\">RESOLUCION N\u00ba13231\/99<\/a><\/p>\n\n\n\n<p><\/p>\n\n\n\n<pre class=\"wp-block-preformatted\"><strong>DISE\u00d1O CURRICULAR<\/strong><\/pre>\n\n\n\n<figure id=\"table_materias\" class=\"wp-block-table\"><table><thead><tr><th>ORDEN<\/th><th>MATERIA<\/th><th>MARCA MODULO<\/th><th>CARGA HORARIA<\/th><\/tr><\/thead><tbody><tr><td>1- A\u00d1O PRIMERO (1) &#8211; CICLO BASICO<\/td><\/tr><tr><td>1<\/td><td>INSTRUMENTO NIVEL I (MODULO 1-2)<\/td><td>HS<\/td><td>2<\/td><\/tr><tr><td>2<\/td><td>LENGUAJE MUSICAL NIVEL I (MODOLOS 1-2)<\/td><td>HS<\/td><td>4<\/td><\/tr><tr><td>2- A\u00d1O SEGUNDO (2) &#8211; CICLO BASICO<\/td><\/tr><tr><td>1<\/td><td>INSTRUMENTO NIVEL II (MODULOS 3-4)<\/td><td>HS<\/td><td>2<\/td><\/tr><tr><td>2<\/td><td>PRACTICA DE CONJUNTO VOCAL E INSTRUMENTAL I<\/td><td>HS<\/td><td>2<\/td><\/tr><tr><td>3<\/td><td>PRACTICA CORAL<\/td><td>HS<\/td><td>2<\/td><\/tr><tr><td>4<\/td><td>LENGUAJE MUSICAL NIVEL II (MODULO 3 -4)<\/td><td>HS<\/td><td>4<\/td><\/tr><tr><td>5<\/td><td>APRECIACION MUSICAL I<\/td><td>HS<\/td><td>2<\/td><\/tr><tr><td>3- A\u00d1O TERCERO (3) &#8211; CICLO BASICO<\/td><\/tr><tr><td>1<\/td><td>INSTRUMENTO NIVEL III (MODULO 5-6)<\/td><td>HS<\/td><td>2<\/td><\/tr><tr><td>2<\/td><td>INSTRUMENTO ARMONICO<\/td><td>HS<\/td><td>2<\/td><\/tr><tr><td>3<\/td><td>PRACTICA DEL CONJUNTO VOCAL E INSTRUMENTAL II<\/td><td>HS<\/td><td>2<\/td><\/tr><tr><td>4<\/td><td>PRACTICA CORAL<\/td><td>HS<\/td><td>2<\/td><\/tr><tr><td>5<\/td><td>LENGUAJE MUSICAL NIVEL III (MODULO 5-6)<\/td><td>HS<\/td><td>4<\/td><\/tr><tr><td>6<\/td><td>APRECIACION MUSICAL III<\/td><td>HS<\/td><td>2<\/td><\/tr><\/tbody><\/table><\/figure>\n\n\n\n<p><\/p>\n","protected":false},"excerpt":{"rendered":"<p>T\u00edtulo: FORMACI\u00d3N BASICA PARA JOVENES Y ADULTOS Orientaci\u00f3n: MUSICA Modalidad: ARTISTICA Ley de educaci\u00f3n: LEY DE EDUCACI\u00d3N PROVINCIAL N\u00ba 13.688 Norma jurisdiccional de aprobaci\u00f3n: RESOLUCION N\u00ba13231\/99 DISE\u00d1O CURRICULAR ORDEN MATERIA MARCA MODULO CARGA HORARIA 1- A\u00d1O PRIMERO (1) &#8211; CICLO BASICO 1 INSTRUMENTO NIVEL I (MODULO 1-2) HS 2 2 LENGUAJE MUSICAL NIVEL I (MODOLOS &#8230; <a title=\"FORMACI\u00d3N BASICA PARA JOVENES Y ADULTOS\" class=\"read-more\" href=\"https:\/\/eafv-bue.infd.edu.ar\/sitio\/942-2\/\" aria-label=\"More on FORMACI\u00d3N BASICA PARA JOVENES Y ADULTOS\">[+]<\/a><\/p>\n","protected":false},"author":87,"featured_media":0,"parent":0,"menu_order":0,"comment_status":"closed","ping_status":"closed","template":"","meta":[],"acf":[],"_links":{"self":[{"href":"https:\/\/eafv-bue.infd.edu.ar\/sitio\/wp-json\/wp\/v2\/pages\/942"}],"collection":[{"href":"https:\/\/eafv-bue.infd.edu.ar\/sitio\/wp-json\/wp\/v2\/pages"}],"about":[{"href":"https:\/\/eafv-bue.infd.edu.ar\/sitio\/wp-json\/wp\/v2\/types\/page"}],"author":[{"embeddable":true,"href":"https:\/\/eafv-bue.infd.edu.ar\/sitio\/wp-json\/wp\/v2\/users\/87"}],"replies":[{"embeddable":true,"href":"https:\/\/eafv-bue.infd.edu.ar\/sitio\/wp-json\/wp\/v2\/comments?post=942"}],"version-history":[{"count":4,"href":"https:\/\/eafv-bue.infd.edu.ar\/sitio\/wp-json\/wp\/v2\/pages\/942\/revisions"}],"predecessor-version":[{"id":1045,"href":"https:\/\/eafv-bue.infd.edu.ar\/sitio\/wp-json\/wp\/v2\/pages\/942\/revisions\/1045"}],"wp:attachment":[{"href":"https:\/\/eafv-bue.infd.edu.ar\/sitio\/wp-json\/wp\/v2\/media?parent=942"}],"curies":[{"name":"wp","href":"https:\/\/api.w.org\/{rel}","templated":true}]}}