{"id":918,"date":"2022-09-28T16:19:42","date_gmt":"2022-09-28T19:19:42","guid":{"rendered":"https:\/\/eafv-bue.infd.edu.ar\/sitio\/?page_id=918"},"modified":"2022-10-04T19:37:34","modified_gmt":"2022-10-04T22:37:34","slug":"profesorado-en-musica-orientacion-canto-en-musica-popular-folklore","status":"publish","type":"page","link":"https:\/\/eafv-bue.infd.edu.ar\/sitio\/profesorado-en-musica-orientacion-canto-en-musica-popular-folklore\/","title":{"rendered":"PROFESORADO EN M\u00daSICA (ORIENTACI\u00d3N  INSTRUMENTO &#8211; CANTO EN M\u00daSICA POPULAR)  TANGO &#8211; JAZZ &#8211; FOLKLORE"},"content":{"rendered":"\n<p><\/p>\n\n\n\n<p><strong>T\u00edtulo<\/strong>: PROFESORADO EN M\u00daSICA (ORIENTACI\u00d3N CANTO EN M\u00daSICA POPULAR) TANGO &#8211; JAZZ &#8211; FOLKLORE<\/p>\n\n\n\n<p><strong>Orientaci\u00f3n<\/strong>: M\u00daSICA &#8211; M\u00daSICA POPULAR<strong> &#8211; Modalidad<\/strong>: ARTISTICA<\/p>\n\n\n\n<p><strong>Ley de educaci\u00f3n: <\/strong>LEY DE EDUCACI\u00d3N PROVINCIAL N\u00ba 13.688<\/p>\n\n\n\n<p><strong>Norma jurisdiccional de aprobaci\u00f3n: <\/strong>RESOLUCION N\u00b0 6189\/03 Y 2789\/09<\/p>\n\n\n\n<p><a href=\"https:\/\/eafv-bue.infd.edu.ar\/aula\/archivos\/repositorio\/\/0\/141\/downloaded.pdf\"><strong>Resoluci\u00f3n<\/strong>&nbsp;No.13234\/99<\/a><\/p>\n\n\n\n<p><\/p>\n\n\n\n<p><\/p>\n\n\n\n<h2 class=\"wp-block-heading\"><strong>DISE\u00d1O CURRICULAR<\/strong><\/h2>\n\n\n\n<p><strong>MATERIAS<\/strong><\/p>\n\n\n\n<figure id=\"table_materias\" class=\"wp-block-table\"><table><thead><tr><th>ORDEN<\/th><th>MATERIA<\/th><th>MARCA MODULO<\/th><th>CARGA HORARIA<\/th><\/tr><\/thead><tbody><tr><td>1- A\u00d1O PRIMERO (1) &#8211; CICLO BASICO<\/td><\/tr><tr><td>1<\/td><td>PERSPECTIVA FILOSOFICO-PEDAGOGICA I<\/td><td>HS<\/td><td>2<\/td><\/tr><tr><td>2<\/td><td>PERSPECTIVA PEDAGOGICO-DIDACTICA I<\/td><td>HS<\/td><td>2<\/td><\/tr><tr><td>3<\/td><td>PERSPECTIVA SOCIO-POLITICA<\/td><td>HS<\/td><td>2<\/td><\/tr><tr><td>4<\/td><td>PSICOLOGIA Y CULTURA EN LA EDUCACION<\/td><td>HS<\/td><td>2<\/td><\/tr><tr><td>5<\/td><td>CANTO I (GENERO)<\/td><td>HS<\/td><td>1<\/td><\/tr><tr><td>6<\/td><td>CANTO I (GENERO COMPLEMENTARIO 1)<\/td><td>HS<\/td><td>1<\/td><\/tr><tr><td>7<\/td><td>CANTO I (GENERO COMPLEMENTARIO 2)<\/td><td>HS<\/td><td>1<\/td><\/tr><tr><td>8<\/td><td>INSTRUMENTO ARMONICO I<\/td><td>HS<\/td><td>1<\/td><\/tr><tr><td>9<\/td><td>PRACTICA DE CONJUNTO VOCAL E INSTRUMENTAL<\/td><td>HS<\/td><td>2<\/td><\/tr><tr><td>10<\/td><td>TALLER DE TRABAJO CORPORAL<\/td><td>HS<\/td><td>2<\/td><\/tr><tr><td>11<\/td><td>ELEMENTOS TECNICOS DE LA MUSICA I<\/td><td>HS<\/td><td>4<\/td><\/tr><tr><td>12<\/td><td>HISTORIA DE LA MUSICA I<\/td><td>HS<\/td><td>2<\/td><\/tr><tr><td>13<\/td><td>ESPACIO DE LA PRACTICA DOCENTE I<\/td><td>HS<\/td><td>2<\/td><\/tr><tr><td>2- A\u00d1O SEGUNDO (2) &#8211; CICLO BASICO<\/td><\/tr><tr><td>1<\/td><td>PERSPECTIVA FILOSOFICO-PEDAGOGICA II<\/td><td>HS<\/td><td>2<\/td><\/tr><tr><td>2<\/td><td>PERSPECTIVA PEDAGOGICO DIDACTICA II<\/td><td>HS<\/td><td>2<\/td><\/tr><tr><td>3<\/td><td>PSICOLOGIA Y CULTURA EN LA NI\u00d1EZ<\/td><td>HS<\/td><td>2<\/td><\/tr><tr><td>4<\/td><td>CANTO II<\/td><td>HS<\/td><td>2<\/td><\/tr><tr><td>5<\/td><td>INSTRUMENTO ARMONICO II<\/td><td>HS<\/td><td>1<\/td><\/tr><tr><td>6<\/td><td>PRACTICA DE CONJUNTO DEL GENERO I<\/td><td>HS<\/td><td>2<\/td><\/tr><tr><td>7<\/td><td>ELEMENTOS TECNICOS DEL GENERO I<\/td><td>HS<\/td><td>4<\/td><\/tr><tr><td>8<\/td><td>HISTORIA DE LA MUSICA II<\/td><td>HS<\/td><td>2<\/td><\/tr><tr><td>9<\/td><td>ESPACIO INSTITUCIONAL<\/td><td>HS<\/td><td>3<\/td><\/tr><tr><td>10<\/td><td>ESPACIO DE LA PRACTICA DOCENTE II<\/td><td>HS<\/td><td>2<\/td><\/tr><tr><td>3- A\u00d1O TERCERO (3) &#8211; CICLO BASICO<\/td><\/tr><tr><td>1<\/td><td>PERSPECTIVA FILOSOFICO-PEDAGOGICA-DIDACTICA<\/td><td>HS<\/td><td>2<\/td><\/tr><tr><td>2<\/td><td>PERSPECTIVA POLITICO INSTITUCIONAL<\/td><td>HS<\/td><td>2<\/td><\/tr><tr><td>3<\/td><td>PSICOLOGIA Y CULTURA EN LA JUVENTUD Y ADULTEZ<\/td><td>HS<\/td><td>2<\/td><\/tr><tr><td>4<\/td><td>CANTO III<\/td><td>HS<\/td><td>2<\/td><\/tr><tr><td>5<\/td><td>PRACTICA DE CONJUNTO DEL GENERO II<\/td><td>HS<\/td><td>2<\/td><\/tr><tr><td>6<\/td><td>ACUSTICA<\/td><td>HS<\/td><td>2<\/td><\/tr><tr><td>7<\/td><td>ELEMENTOS TECNICOS DEL GENERO II<\/td><td>HS<\/td><td>4<\/td><\/tr><tr><td>8<\/td><td>HISTORIA DEL GENERO<\/td><td>HS<\/td><td>2<\/td><\/tr><tr><td>9<\/td><td>MUSICA LATINOAMERICANA I<\/td><td>HS<\/td><td>2<\/td><\/tr><tr><td>10<\/td><td>ESPACIO INSTITUCIONAL<\/td><td>HS<\/td><td>1<\/td><\/tr><tr><td>11<\/td><td>ESPACIO DE LA PRACTICA DOCENTE III<\/td><td>HS<\/td><td>2<\/td><\/tr><tr><td>4- A\u00d1O CUARTO (4) &#8211; CICLO SUPERIOR<\/td><\/tr><tr><td>1<\/td><td>CANTO DE GENERO IV<\/td><td>HS<\/td><td>2<\/td><\/tr><tr><td>2<\/td><td>PRACTICA DE CONJUNTO DEL GENERO III<\/td><td>HS<\/td><td>2<\/td><\/tr><tr><td>3<\/td><td>MEDIOS ELECTROACUSTICOS<\/td><td>HS<\/td><td>2<\/td><\/tr><tr><td>4<\/td><td>ARREGLOS VOCALES E INSTRUMENTALES<\/td><td>HS<\/td><td>2<\/td><\/tr><tr><td>5<\/td><td>ELEMENTOS TECNICOS DEL GENERO III<\/td><td>HS<\/td><td>3<\/td><\/tr><tr><td>6<\/td><td>MUSICA LATINOAMERICANA II<\/td><td>HS<\/td><td>2<\/td><\/tr><tr><td>7<\/td><td>MEDIOS AUDIOVISUALES<\/td><td>HS<\/td><td>2<\/td><\/tr><tr><td>8<\/td><td>ESPACIO INSTITUCIONAL<\/td><td>HS<\/td><td>2<\/td><\/tr><tr><td>9<\/td><td>ESPACIO DE LA PRACTICA DOCENTE IV<\/td><td>HS<\/td><td>2<\/td><\/tr><\/tbody><\/table><\/figure>\n\n\n\n<p><\/p>\n","protected":false},"excerpt":{"rendered":"<p>T\u00edtulo: PROFESORADO EN M\u00daSICA (ORIENTACI\u00d3N CANTO EN M\u00daSICA POPULAR) TANGO &#8211; JAZZ &#8211; FOLKLORE Orientaci\u00f3n: M\u00daSICA &#8211; M\u00daSICA POPULAR &#8211; Modalidad: ARTISTICA Ley de educaci\u00f3n: LEY DE EDUCACI\u00d3N PROVINCIAL N\u00ba 13.688 Norma jurisdiccional de aprobaci\u00f3n: RESOLUCION N\u00b0 6189\/03 Y 2789\/09 Resoluci\u00f3n&nbsp;No.13234\/99 DISE\u00d1O CURRICULAR MATERIAS ORDEN MATERIA MARCA MODULO CARGA HORARIA 1- A\u00d1O PRIMERO (1) &#8211; &#8230; <a title=\"PROFESORADO EN M\u00daSICA (ORIENTACI\u00d3N  INSTRUMENTO &#8211; CANTO EN M\u00daSICA POPULAR)  TANGO &#8211; JAZZ &#8211; FOLKLORE\" class=\"read-more\" href=\"https:\/\/eafv-bue.infd.edu.ar\/sitio\/profesorado-en-musica-orientacion-canto-en-musica-popular-folklore\/\" aria-label=\"More on PROFESORADO EN M\u00daSICA (ORIENTACI\u00d3N  INSTRUMENTO &#8211; CANTO EN M\u00daSICA POPULAR)  TANGO &#8211; JAZZ &#8211; FOLKLORE\">[+]<\/a><\/p>\n","protected":false},"author":87,"featured_media":0,"parent":0,"menu_order":0,"comment_status":"closed","ping_status":"closed","template":"","meta":[],"acf":[],"_links":{"self":[{"href":"https:\/\/eafv-bue.infd.edu.ar\/sitio\/wp-json\/wp\/v2\/pages\/918"}],"collection":[{"href":"https:\/\/eafv-bue.infd.edu.ar\/sitio\/wp-json\/wp\/v2\/pages"}],"about":[{"href":"https:\/\/eafv-bue.infd.edu.ar\/sitio\/wp-json\/wp\/v2\/types\/page"}],"author":[{"embeddable":true,"href":"https:\/\/eafv-bue.infd.edu.ar\/sitio\/wp-json\/wp\/v2\/users\/87"}],"replies":[{"embeddable":true,"href":"https:\/\/eafv-bue.infd.edu.ar\/sitio\/wp-json\/wp\/v2\/comments?post=918"}],"version-history":[{"count":6,"href":"https:\/\/eafv-bue.infd.edu.ar\/sitio\/wp-json\/wp\/v2\/pages\/918\/revisions"}],"predecessor-version":[{"id":983,"href":"https:\/\/eafv-bue.infd.edu.ar\/sitio\/wp-json\/wp\/v2\/pages\/918\/revisions\/983"}],"wp:attachment":[{"href":"https:\/\/eafv-bue.infd.edu.ar\/sitio\/wp-json\/wp\/v2\/media?parent=918"}],"curies":[{"name":"wp","href":"https:\/\/api.w.org\/{rel}","templated":true}]}}