{"id":908,"date":"2022-09-28T15:28:46","date_gmt":"2022-09-28T18:28:46","guid":{"rendered":"https:\/\/eafv-bue.infd.edu.ar\/sitio\/?page_id=908"},"modified":"2022-09-28T15:28:47","modified_gmt":"2022-09-28T18:28:47","slug":"profesorado-en-musica-orientacion-instrumento","status":"publish","type":"page","link":"https:\/\/eafv-bue.infd.edu.ar\/sitio\/profesorado-en-musica-orientacion-instrumento\/","title":{"rendered":"PROFESORADO EN M\u00daSICA (ORIENTACI\u00d3N INSTRUMENTO)"},"content":{"rendered":"\n<p><strong>T\u00edtulo<\/strong>: PROFESORADO EN M\u00daSICA (ORIENTACI\u00d3N INSTRUMENTO) <\/p>\n\n\n\n<p><strong>Orientaci\u00f3n<\/strong>: MUSICA &#8211; INSTRUMENTO &#8211; <strong>Modalidad: <\/strong>ARTISTICA<strong> <\/strong><\/p>\n\n\n\n<p><strong>Ley de educaci\u00f3n: <\/strong>LEY DE EDUCACI\u00d3N PROVINCIAL N\u00ba 13.688<\/p>\n\n\n\n<p><strong>Norma jurisdiccional de aprobaci\u00f3n<\/strong>: RESOLUCI\u00d3N N\u00b0 6190\/03 Y RESOLUCI\u00d3N N\u00b0 2789\/09<\/p>\n\n\n\n<p><a href=\"https:\/\/eafv-bue.infd.edu.ar\/aula\/archivos\/repositorio\/\/0\/141\/downloaded.pdf\"><strong>Resoluci\u00f3n<\/strong>\u00a0No.13234\/99<\/a><\/p>\n\n\n\n<p><\/p>\n\n\n\n<p><strong>DISE\u00d1O CURRICULAR<\/strong><\/p>\n\n\n\n<figure id=\"table_materias\" class=\"wp-block-table\"><table><thead><tr><th>ORDEN<\/th><th>MATERIA<\/th><th>MARCA MODULO<\/th><th>CARGA HORARIA<\/th><\/tr><\/thead><tbody><tr><td>A\u00f1o 1 (PRIMER GRADO)<\/td><\/tr><tr><td>1<\/td><td>PERSPECTIVA FILOSOFICO-PEDAGOGICA I<\/td><td>HS<\/td><td>2<\/td><\/tr><tr><td>2<\/td><td>PERSPECTIVA PEDAGOGICO-DIDACTICA I<\/td><td>HS<\/td><td>2<\/td><\/tr><tr><td>3<\/td><td>PERSPECTIVA SOCIO-POLITICA<\/td><td>HS<\/td><td>2<\/td><\/tr><tr><td>4<\/td><td>PSICOLOGIA Y CULTURA EN LA EDUCACION<\/td><td>HS<\/td><td>2<\/td><\/tr><tr><td>5<\/td><td>GUITARRA I<\/td><td>HS<\/td><td>1<\/td><\/tr><tr><td>6<\/td><td>INSTRUMENTO ARMONICO I<\/td><td>HS<\/td><td>1<\/td><\/tr><tr><td>7<\/td><td>CONJUNTO DE CAMARA I<\/td><td>HS<\/td><td>1<\/td><\/tr><tr><td>8<\/td><td>ESPACIO INSTITUCIONAL ALTERNATIVO I<\/td><td>HS<\/td><td>2<\/td><\/tr><tr><td>9<\/td><td>TALLER DE TRABAJO CORPORAL<\/td><td>HS<\/td><td>2<\/td><\/tr><tr><td>10<\/td><td>ELEMENTOS TECNICOS DE LA MUSICA I<\/td><td>HS<\/td><td>4<\/td><\/tr><tr><td>11<\/td><td>HISTORIA DE LA MUSICA I<\/td><td>HS<\/td><td>2<\/td><\/tr><tr><td>12<\/td><td>ESPACIO DE LA PRACTICA DOCENTE I<\/td><td>HS<\/td><td>2<\/td><\/tr><tr><td>A\u00f1o 2 (SEGUNDO GRADO)<\/td><\/tr><tr><td>1<\/td><td>PERSPECTIVA FILOSOFICO-PEDAGOGICA II<\/td><td>HS<\/td><td>2<\/td><\/tr><tr><td>2<\/td><td>PERSPECTIVA PEDAGOGICO-DIDACTICA II<\/td><td>HS<\/td><td>2<\/td><\/tr><tr><td>3<\/td><td>PSICOLOGIA Y CULTURA EN LA NI\u00d1EZ<\/td><td>HS<\/td><td>2<\/td><\/tr><tr><td>4<\/td><td>GUITARRA II<\/td><td>HS<\/td><td>2<\/td><\/tr><tr><td>5<\/td><td>CONJUNTO DE CAMARA II<\/td><td>HS<\/td><td>1<\/td><\/tr><tr><td>6<\/td><td>ESPACIO INSTITUCIONAL ALTERNATIVO II*<\/td><td>HS<\/td><td>2<\/td><\/tr><tr><td>7<\/td><td>TALLER DE MUSICA POPULAR<\/td><td>HS<\/td><td>2<\/td><\/tr><tr><td>8<\/td><td>ELEMENTOS TECNICOS DE LA MUSICA II<\/td><td>HS<\/td><td>4<\/td><\/tr><tr><td>9<\/td><td>HISTORIA DE LA MUSICA II<\/td><td>HS<\/td><td>2<\/td><\/tr><tr><td>10<\/td><td>ESPACIO INSTITUCIONAL<\/td><td>HS<\/td><td>2<\/td><\/tr><tr><td>11<\/td><td>ESPACIO DE LA PRACTICA DOCENTE II<\/td><td>HS<\/td><td>2<\/td><\/tr><tr><td>A\u00f1o 3 (TERCER GRADO)<\/td><\/tr><tr><td>1<\/td><td>PERSPECTIVA FOLOSOFICO-PEDAGOGICA-DIDACTICA<\/td><td>HS<\/td><td>2<\/td><\/tr><tr><td>2<\/td><td>PERSPECTIVA POLITICO-INSTITUCIONAL<\/td><td>HS<\/td><td>2<\/td><\/tr><tr><td>3<\/td><td>PSICOLOGIA Y CULTURA EN LA JUVENTUD Y ADULTEZ<\/td><td>HS<\/td><td>2<\/td><\/tr><tr><td>4<\/td><td>GUITARRA III<\/td><td>HS<\/td><td>2<\/td><\/tr><tr><td>5<\/td><td>CONJUNTO DE CAMARA III<\/td><td>HS<\/td><td>1<\/td><\/tr><tr><td>6<\/td><td>ACUSTICA<\/td><td>HS<\/td><td>2<\/td><\/tr><tr><td>7<\/td><td>TECNICAS DE IMPROVISACION<\/td><td>HS<\/td><td>2<\/td><\/tr><tr><td>8<\/td><td>ELEMENTOS TECNICOS DE LA MUSICA III<\/td><td>HS<\/td><td>4<\/td><\/tr><tr><td>9<\/td><td>HISTORIA DE LA MUSICA III<\/td><td>HS<\/td><td>2<\/td><\/tr><tr><td>10<\/td><td>ESPACIO INSTITUCIONAL<\/td><td>HS<\/td><td>2<\/td><\/tr><tr><td>11<\/td><td>ESPACIO DE LA PRACTICA DOCENTE III<\/td><td>HS<\/td><td>2<\/td><\/tr><tr><td>A\u00f1o 4 (CUARTO GRADO)<\/td><\/tr><tr><td>1<\/td><td>GUITARRA IV<\/td><td>HS<\/td><td>2<\/td><\/tr><tr><td>2<\/td><td>CONJUNTO DE CAMARA IV<\/td><td>HS<\/td><td>1<\/td><\/tr><tr><td>3<\/td><td>MEDIOS ELECTRO-ACUSTICOS<\/td><td>HS<\/td><td>2<\/td><\/tr><tr><td>4<\/td><td>ELEMENTOS TECNICOS DE LA MUSICA IV<\/td><td>HS<\/td><td>4<\/td><\/tr><tr><td>5<\/td><td>HISTORIA DE LA MUSICA ARGENTINA Y LATINOAMERICANA<\/td><td>HS<\/td><td>2<\/td><\/tr><tr><td>6<\/td><td>LITERATURA<\/td><td>HS<\/td><td>2<\/td><\/tr><tr><td>7<\/td><td>ARTES VISUALES<\/td><td>HS<\/td><td>2<\/td><\/tr><tr><td>8<\/td><td>ESPACIO INSTITUCIONAL<\/td><td>HS<\/td><td>2<\/td><\/tr><tr><td>9<\/td><td>ESPACIO DE LA PRACTICA DOCENTE IV<\/td><td>HS<\/td><td>2<\/td><\/tr><\/tbody><\/table><\/figure>\n\n\n\n<p><strong>REGIMEN DE CORRELATIVIDADES<\/strong><\/p>\n\n\n\n<figure class=\"wp-block-image size-large is-resized\"><img decoding=\"async\" loading=\"lazy\" src=\"https:\/\/eafv-bue.infd.edu.ar\/sitio\/wp-content\/uploads\/2022\/09\/0001-1-1095x1900.jpg\" alt=\"\" class=\"wp-image-909\" width=\"1095\" height=\"1899\" srcset=\"https:\/\/eafv-bue.infd.edu.ar\/sitio\/wp-content\/uploads\/2022\/09\/0001-1-1095x1900.jpg 1095w, https:\/\/eafv-bue.infd.edu.ar\/sitio\/wp-content\/uploads\/2022\/09\/0001-1-576x1000.jpg 576w, https:\/\/eafv-bue.infd.edu.ar\/sitio\/wp-content\/uploads\/2022\/09\/0001-1-768x1332.jpg 768w, https:\/\/eafv-bue.infd.edu.ar\/sitio\/wp-content\/uploads\/2022\/09\/0001-1-885x1536.jpg 885w, https:\/\/eafv-bue.infd.edu.ar\/sitio\/wp-content\/uploads\/2022\/09\/0001-1-1180x2048.jpg 1180w, https:\/\/eafv-bue.infd.edu.ar\/sitio\/wp-content\/uploads\/2022\/09\/0001-1-scaled.jpg 1476w\" sizes=\"(max-width: 1095px) 100vw, 1095px\" \/><\/figure>\n\n\n\n<figure class=\"wp-block-image size-large is-resized\"><img decoding=\"async\" loading=\"lazy\" src=\"https:\/\/eafv-bue.infd.edu.ar\/sitio\/wp-content\/uploads\/2022\/09\/0002-1-1658x1900.jpg\" alt=\"\" class=\"wp-image-910\" width=\"1095\" height=\"1254\" srcset=\"https:\/\/eafv-bue.infd.edu.ar\/sitio\/wp-content\/uploads\/2022\/09\/0002-1-1658x1900.jpg 1658w, https:\/\/eafv-bue.infd.edu.ar\/sitio\/wp-content\/uploads\/2022\/09\/0002-1-872x1000.jpg 872w, https:\/\/eafv-bue.infd.edu.ar\/sitio\/wp-content\/uploads\/2022\/09\/0002-1-768x880.jpg 768w, https:\/\/eafv-bue.infd.edu.ar\/sitio\/wp-content\/uploads\/2022\/09\/0002-1-1340x1536.jpg 1340w, https:\/\/eafv-bue.infd.edu.ar\/sitio\/wp-content\/uploads\/2022\/09\/0002-1-1787x2048.jpg 1787w\" sizes=\"(max-width: 1095px) 100vw, 1095px\" \/><\/figure>\n\n\n\n<figure class=\"wp-block-image size-large is-resized\"><img decoding=\"async\" loading=\"lazy\" src=\"https:\/\/eafv-bue.infd.edu.ar\/sitio\/wp-content\/uploads\/2022\/09\/0003-2-1098x1900.jpg\" alt=\"\" class=\"wp-image-911\" width=\"1095\" height=\"1895\" srcset=\"https:\/\/eafv-bue.infd.edu.ar\/sitio\/wp-content\/uploads\/2022\/09\/0003-2-1098x1900.jpg 1098w, https:\/\/eafv-bue.infd.edu.ar\/sitio\/wp-content\/uploads\/2022\/09\/0003-2-578x1000.jpg 578w, https:\/\/eafv-bue.infd.edu.ar\/sitio\/wp-content\/uploads\/2022\/09\/0003-2-768x1329.jpg 768w, https:\/\/eafv-bue.infd.edu.ar\/sitio\/wp-content\/uploads\/2022\/09\/0003-2-888x1536.jpg 888w, https:\/\/eafv-bue.infd.edu.ar\/sitio\/wp-content\/uploads\/2022\/09\/0003-2-1183x2048.jpg 1183w, https:\/\/eafv-bue.infd.edu.ar\/sitio\/wp-content\/uploads\/2022\/09\/0003-2-scaled.jpg 1479w\" sizes=\"(max-width: 1095px) 100vw, 1095px\" \/><\/figure>\n\n\n\n<figure class=\"wp-block-image size-large is-resized\"><img decoding=\"async\" loading=\"lazy\" src=\"https:\/\/eafv-bue.infd.edu.ar\/sitio\/wp-content\/uploads\/2022\/09\/0004-2-1570x1900.jpg\" alt=\"\" class=\"wp-image-912\" width=\"1096\" height=\"1326\" srcset=\"https:\/\/eafv-bue.infd.edu.ar\/sitio\/wp-content\/uploads\/2022\/09\/0004-2-1570x1900.jpg 1570w, https:\/\/eafv-bue.infd.edu.ar\/sitio\/wp-content\/uploads\/2022\/09\/0004-2-826x1000.jpg 826w, https:\/\/eafv-bue.infd.edu.ar\/sitio\/wp-content\/uploads\/2022\/09\/0004-2-768x930.jpg 768w, https:\/\/eafv-bue.infd.edu.ar\/sitio\/wp-content\/uploads\/2022\/09\/0004-2-1269x1536.jpg 1269w, https:\/\/eafv-bue.infd.edu.ar\/sitio\/wp-content\/uploads\/2022\/09\/0004-2-1692x2048.jpg 1692w, https:\/\/eafv-bue.infd.edu.ar\/sitio\/wp-content\/uploads\/2022\/09\/0004-2.jpg 1995w\" sizes=\"(max-width: 1096px) 100vw, 1096px\" \/><\/figure>\n","protected":false},"excerpt":{"rendered":"<p>T\u00edtulo: PROFESORADO EN M\u00daSICA (ORIENTACI\u00d3N INSTRUMENTO) Orientaci\u00f3n: MUSICA &#8211; INSTRUMENTO &#8211; Modalidad: ARTISTICA Ley de educaci\u00f3n: LEY DE EDUCACI\u00d3N PROVINCIAL N\u00ba 13.688 Norma jurisdiccional de aprobaci\u00f3n: RESOLUCI\u00d3N N\u00b0 6190\/03 Y RESOLUCI\u00d3N N\u00b0 2789\/09 Resoluci\u00f3n\u00a0No.13234\/99 DISE\u00d1O CURRICULAR ORDEN MATERIA MARCA MODULO CARGA HORARIA A\u00f1o 1 (PRIMER GRADO) 1 PERSPECTIVA FILOSOFICO-PEDAGOGICA I HS 2 2 PERSPECTIVA PEDAGOGICO-DIDACTICA &#8230; <a title=\"PROFESORADO EN M\u00daSICA (ORIENTACI\u00d3N INSTRUMENTO)\" class=\"read-more\" href=\"https:\/\/eafv-bue.infd.edu.ar\/sitio\/profesorado-en-musica-orientacion-instrumento\/\" aria-label=\"More on PROFESORADO EN M\u00daSICA (ORIENTACI\u00d3N INSTRUMENTO)\">[+]<\/a><\/p>\n","protected":false},"author":87,"featured_media":0,"parent":0,"menu_order":0,"comment_status":"closed","ping_status":"closed","template":"","meta":[],"acf":[],"_links":{"self":[{"href":"https:\/\/eafv-bue.infd.edu.ar\/sitio\/wp-json\/wp\/v2\/pages\/908"}],"collection":[{"href":"https:\/\/eafv-bue.infd.edu.ar\/sitio\/wp-json\/wp\/v2\/pages"}],"about":[{"href":"https:\/\/eafv-bue.infd.edu.ar\/sitio\/wp-json\/wp\/v2\/types\/page"}],"author":[{"embeddable":true,"href":"https:\/\/eafv-bue.infd.edu.ar\/sitio\/wp-json\/wp\/v2\/users\/87"}],"replies":[{"embeddable":true,"href":"https:\/\/eafv-bue.infd.edu.ar\/sitio\/wp-json\/wp\/v2\/comments?post=908"}],"version-history":[{"count":1,"href":"https:\/\/eafv-bue.infd.edu.ar\/sitio\/wp-json\/wp\/v2\/pages\/908\/revisions"}],"predecessor-version":[{"id":914,"href":"https:\/\/eafv-bue.infd.edu.ar\/sitio\/wp-json\/wp\/v2\/pages\/908\/revisions\/914"}],"wp:attachment":[{"href":"https:\/\/eafv-bue.infd.edu.ar\/sitio\/wp-json\/wp\/v2\/media?parent=908"}],"curies":[{"name":"wp","href":"https:\/\/api.w.org\/{rel}","templated":true}]}}