{"id":887,"date":"2022-09-22T21:10:29","date_gmt":"2022-09-23T00:10:29","guid":{"rendered":"https:\/\/eafv-bue.infd.edu.ar\/sitio\/?page_id=887"},"modified":"2022-10-06T21:11:38","modified_gmt":"2022-10-07T00:11:38","slug":"profesorado-en-musica-orientacion-canto","status":"publish","type":"page","link":"https:\/\/eafv-bue.infd.edu.ar\/sitio\/profesorado-en-musica-orientacion-canto\/","title":{"rendered":"PROFESORADO EN M\u00daSICA (ORIENTACI\u00d3N CANTO)"},"content":{"rendered":"\n<p><strong>T\u00edtulo<\/strong>: PROFESORADO EN M\u00daSICA (ORIENTACI\u00d3N CANTO)<\/p>\n\n\n\n<p><strong>Orientaci\u00f3n<\/strong>: M\u00daSICA &#8211; CANTO    <\/p>\n\n\n\n<p><strong>Modalidad<\/strong>: ARTISTICA<\/p>\n\n\n\n<p><strong>Ley de educaci\u00f3n<\/strong>: LEY DE EDUCACI\u00d3N PROVINCIAL N\u00ba 13.688<\/p>\n\n\n\n<p><strong>Norma jurisdiccional de aprobaci\u00f3n<\/strong>: RESOLUCI\u00d3N N\u00b0 6190\/03 Y RESOLUCI\u00d3N N\u00b0 2789\/09<\/p>\n\n\n\n<p><a href=\"https:\/\/eafv-bue.infd.edu.ar\/aula\/archivos\/repositorio\/\/0\/141\/downloaded.pdf\" data-type=\"URL\" data-id=\"https:\/\/eafv-bue.infd.edu.ar\/aula\/archivos\/repositorio\/\/0\/141\/downloaded.pdf\"><strong>Resoluci\u00f3n<\/strong>&nbsp;No.13234\/99<\/a><\/p>\n\n\n\n<p><\/p>\n\n\n\n<pre class=\"wp-block-preformatted\"><strong>DISE\u00d1O CURRICULAR<\/strong><\/pre>\n\n\n\n<figure id=\"table_materias\" class=\"wp-block-table is-style-regular\"><table><thead><tr><th>ORDEN<\/th><th>MATERIA<\/th><th>MARCA MODULO<\/th><th>CARGA HORARIA<\/th><\/tr><\/thead><tbody><tr><td>1- A\u00d1O PRIMERO (1) &#8211; CICLO BASICO<\/td><\/tr><tr><td>1<\/td><td>PERSPECTIVA FILOSOFICO-PEDAGOGICA I<\/td><td>HS<\/td><td>2<\/td><\/tr><tr><td>2<\/td><td>PERSPECTIVA PEDAGOGICO-DIDACTICA I<\/td><td>HS<\/td><td>2<\/td><\/tr><tr><td>3<\/td><td>PERSPECTIVA SOCIO-POLITICA<\/td><td>HS<\/td><td>2<\/td><\/tr><tr><td>4<\/td><td>PSICOLOGIA Y CULTURA EN LA EDUCACION<\/td><td>HS<\/td><td>2<\/td><\/tr><tr><td>5<\/td><td>CANTO I<\/td><td>HS<\/td><td>1<\/td><\/tr><tr><td>6<\/td><td>INSTRUMENTO ARMONICO (PIANO) I<\/td><td>HS<\/td><td>1<\/td><\/tr><tr><td>7<\/td><td>CONJUNTO DE CAMARA I<\/td><td>HS<\/td><td>1<\/td><\/tr><tr><td>8<\/td><td>REPERTORIO I<\/td><td>HS<\/td><td>1<\/td><\/tr><tr><td>9<\/td><td>PRACTICA ESCENICA I<\/td><td>HS<\/td><td>2<\/td><\/tr><tr><td>10<\/td><td>ELEMENTOS TECNICOS DE LA MUSICA I<\/td><td>HS<\/td><td>4<\/td><\/tr><tr><td>11<\/td><td>HISTORIA DE LA MUSICA I<\/td><td>HS<\/td><td>2<\/td><\/tr><tr><td>12<\/td><td>ESPACIOS INSTITUCIONALES<\/td><td>HS<\/td><td>2<\/td><\/tr><tr><td>13<\/td><td>ESPACIO DE LA PRACTICA DOCENTE I<\/td><td>HS<\/td><td>2<\/td><\/tr><tr><td>2- A\u00d1O SEGUNDO (2) &#8211; CICLO BASICO<\/td><\/tr><tr><td>1<\/td><td>PERSPECTIVA FILOSOFICO-PEDAGOGICA II<\/td><td>HS<\/td><td>2<\/td><\/tr><tr><td>2<\/td><td>PERSPECTIVA PEDAGOGICO-DIDACTICA II<\/td><td>HS<\/td><td>2<\/td><\/tr><tr><td>3<\/td><td>PSICOLOGIA Y CULTURA EN LA NI\u00d1EZ<\/td><td>HS<\/td><td>2<\/td><\/tr><tr><td>4<\/td><td>CANTO II<\/td><td>HS<\/td><td>2<\/td><\/tr><tr><td>5<\/td><td>CONJUNTO DE CAMARA II<\/td><td>HS<\/td><td>1<\/td><\/tr><tr><td>6<\/td><td>REPERTORIO II<\/td><td>HS<\/td><td>1<\/td><\/tr><tr><td>7<\/td><td>PRACTICA ESCENICA II<\/td><td>HS<\/td><td>2<\/td><\/tr><tr><td>8<\/td><td>ELEMENTOS TECNICOS DE LA MUSICA II<\/td><td>HS<\/td><td>4<\/td><\/tr><tr><td>9<\/td><td>HISTORIA DE LA MUSICA II<\/td><td>HS<\/td><td>2<\/td><\/tr><tr><td>10<\/td><td>ESPACIOS INSTITUCIONALES<\/td><td>HS<\/td><td>4<\/td><\/tr><tr><td>11<\/td><td>ESPACIO DE LA PRACTICA DOCENTE II<\/td><td>HS<\/td><td>2<\/td><\/tr><tr><td>3- A\u00d1O TERCERO (3) &#8211; CICLO BASICO<\/td><\/tr><tr><td>1<\/td><td>PERSPECTIVA FILOSOFICO-PEDAGOGICA-DIDACTICA<\/td><td>HS<\/td><td>2<\/td><\/tr><tr><td>2<\/td><td>PERSPECTIVA POLITICO-INSTITUCIONAL<\/td><td>HS<\/td><td>2<\/td><\/tr><tr><td>3<\/td><td>PSICOLOGIA Y CULTURA EN LA JUVENTUD Y ADULTEZ<\/td><td>HS<\/td><td>2<\/td><\/tr><tr><td>4<\/td><td>CANTO III<\/td><td>HS<\/td><td>2<\/td><\/tr><tr><td>5<\/td><td>CONJUNTO DE CAMARA III<\/td><td>HS<\/td><td>1<\/td><\/tr><tr><td>6<\/td><td>REPERTORIO III<\/td><td>HS<\/td><td>1<\/td><\/tr><tr><td>7<\/td><td>ACUSTICA<\/td><td>HS<\/td><td>2<\/td><\/tr><tr><td>8<\/td><td>ELEMENTOS TECNICOS DE LA MUSICA III<\/td><td>HS<\/td><td>4<\/td><\/tr><tr><td>9<\/td><td>HISTORIA DE LA MUSICA III<\/td><td>HS<\/td><td>2<\/td><\/tr><tr><td>10<\/td><td>ESPACIOS INSTITUCIONALES<\/td><td>HS<\/td><td>3<\/td><\/tr><tr><td>11<\/td><td>ESPACIO DE LA PRACTICA DOCENTE III<\/td><td>HS<\/td><td>2<\/td><\/tr><tr><td>4- A\u00d1O CUARTO (4) &#8211; CICLO SUPERIOR<\/td><\/tr><tr><td>1<\/td><td>CANTO IV<\/td><td>HS<\/td><td>2<\/td><\/tr><tr><td>2<\/td><td>REPERTORIO IV<\/td><td>HS<\/td><td>1<\/td><\/tr><tr><td>3<\/td><td>CONJUNTO DE CAMARA IV<\/td><td>HS<\/td><td>1<\/td><\/tr><tr><td>4<\/td><td>MEDIOS ELECTROACUSTICOS<\/td><td>HS<\/td><td>2<\/td><\/tr><tr><td>5<\/td><td>ELEMENTOS TECNICOS DE LA MUSICA IV<\/td><td>HS<\/td><td>4<\/td><\/tr><tr><td>6<\/td><td>HISTORIA DE LA MUSICA ARGENTINA Y LATINOAMERIACANA<\/td><td>HS<\/td><td>2<\/td><\/tr><tr><td>7<\/td><td>LITERATURA<\/td><td>HS<\/td><td>2<\/td><\/tr><tr><td>8<\/td><td>ARTES VISUALES<\/td><td>HS<\/td><td>2<\/td><\/tr><tr><td>9<\/td><td>ESPACIOS INSTITUCIONALES<\/td><td>HS<\/td><td>3<\/td><\/tr><tr><td>10<\/td><td>ESPACIO DE LA PRACTICA DOCENTE IV<\/td><td>HS<\/td><td>2<\/td><\/tr><\/tbody><\/table><\/figure>\n\n\n\n<pre class=\"wp-block-preformatted\"><strong>REGIMEN DE CORRELATIVIDADES<\/strong><\/pre>\n\n\n\n<figure class=\"wp-block-image size-large is-resized\"><img decoding=\"async\" loading=\"lazy\" src=\"https:\/\/eafv-bue.infd.edu.ar\/sitio\/wp-content\/uploads\/2022\/09\/0001-1063x1900.jpg\" alt=\"\" class=\"wp-image-881\" width=\"959\" height=\"1714\" srcset=\"https:\/\/eafv-bue.infd.edu.ar\/sitio\/wp-content\/uploads\/2022\/09\/0001-1063x1900.jpg 1063w, https:\/\/eafv-bue.infd.edu.ar\/sitio\/wp-content\/uploads\/2022\/09\/0001-559x1000.jpg 559w, https:\/\/eafv-bue.infd.edu.ar\/sitio\/wp-content\/uploads\/2022\/09\/0001-768x1373.jpg 768w, https:\/\/eafv-bue.infd.edu.ar\/sitio\/wp-content\/uploads\/2022\/09\/0001-859x1536.jpg 859w, https:\/\/eafv-bue.infd.edu.ar\/sitio\/wp-content\/uploads\/2022\/09\/0001-1146x2048.jpg 1146w, https:\/\/eafv-bue.infd.edu.ar\/sitio\/wp-content\/uploads\/2022\/09\/0001-scaled.jpg 1432w\" sizes=\"(max-width: 959px) 100vw, 959px\" \/><\/figure>\n\n\n\n<figure class=\"wp-block-image size-large is-resized\"><img decoding=\"async\" loading=\"lazy\" src=\"https:\/\/eafv-bue.infd.edu.ar\/sitio\/wp-content\/uploads\/2022\/09\/0002-1082x1900.jpg\" alt=\"\" class=\"wp-image-882\" width=\"961\" height=\"1687\" srcset=\"https:\/\/eafv-bue.infd.edu.ar\/sitio\/wp-content\/uploads\/2022\/09\/0002-1082x1900.jpg 1082w, https:\/\/eafv-bue.infd.edu.ar\/sitio\/wp-content\/uploads\/2022\/09\/0002-569x1000.jpg 569w, https:\/\/eafv-bue.infd.edu.ar\/sitio\/wp-content\/uploads\/2022\/09\/0002-768x1349.jpg 768w, https:\/\/eafv-bue.infd.edu.ar\/sitio\/wp-content\/uploads\/2022\/09\/0002-875x1536.jpg 875w, https:\/\/eafv-bue.infd.edu.ar\/sitio\/wp-content\/uploads\/2022\/09\/0002-1166x2048.jpg 1166w, https:\/\/eafv-bue.infd.edu.ar\/sitio\/wp-content\/uploads\/2022\/09\/0002-scaled.jpg 1458w\" sizes=\"(max-width: 961px) 100vw, 961px\" \/><\/figure>\n\n\n\n<figure class=\"wp-block-image size-large\"><img decoding=\"async\" loading=\"lazy\" width=\"1125\" height=\"1900\" src=\"https:\/\/eafv-bue.infd.edu.ar\/sitio\/wp-content\/uploads\/2022\/09\/0003-1-1125x1900.jpg\" alt=\"\" class=\"wp-image-889\" srcset=\"https:\/\/eafv-bue.infd.edu.ar\/sitio\/wp-content\/uploads\/2022\/09\/0003-1-1125x1900.jpg 1125w, https:\/\/eafv-bue.infd.edu.ar\/sitio\/wp-content\/uploads\/2022\/09\/0003-1-592x1000.jpg 592w, https:\/\/eafv-bue.infd.edu.ar\/sitio\/wp-content\/uploads\/2022\/09\/0003-1-768x1298.jpg 768w, https:\/\/eafv-bue.infd.edu.ar\/sitio\/wp-content\/uploads\/2022\/09\/0003-1-909x1536.jpg 909w, https:\/\/eafv-bue.infd.edu.ar\/sitio\/wp-content\/uploads\/2022\/09\/0003-1-1212x2048.jpg 1212w, https:\/\/eafv-bue.infd.edu.ar\/sitio\/wp-content\/uploads\/2022\/09\/0003-1-scaled.jpg 1515w\" sizes=\"(max-width: 1125px) 100vw, 1125px\" \/><\/figure>\n\n\n\n<figure class=\"wp-block-image size-large\"><img decoding=\"async\" loading=\"lazy\" width=\"1591\" height=\"1900\" src=\"https:\/\/eafv-bue.infd.edu.ar\/sitio\/wp-content\/uploads\/2022\/09\/0004-1-1591x1900.jpg\" alt=\"\" class=\"wp-image-890\" srcset=\"https:\/\/eafv-bue.infd.edu.ar\/sitio\/wp-content\/uploads\/2022\/09\/0004-1-1591x1900.jpg 1591w, https:\/\/eafv-bue.infd.edu.ar\/sitio\/wp-content\/uploads\/2022\/09\/0004-1-837x1000.jpg 837w, https:\/\/eafv-bue.infd.edu.ar\/sitio\/wp-content\/uploads\/2022\/09\/0004-1-768x917.jpg 768w, https:\/\/eafv-bue.infd.edu.ar\/sitio\/wp-content\/uploads\/2022\/09\/0004-1-1286x1536.jpg 1286w, https:\/\/eafv-bue.infd.edu.ar\/sitio\/wp-content\/uploads\/2022\/09\/0004-1-1715x2048.jpg 1715w, https:\/\/eafv-bue.infd.edu.ar\/sitio\/wp-content\/uploads\/2022\/09\/0004-1.jpg 2007w\" sizes=\"(max-width: 1591px) 100vw, 1591px\" \/><\/figure>\n","protected":false},"excerpt":{"rendered":"<p>T\u00edtulo: PROFESORADO EN M\u00daSICA (ORIENTACI\u00d3N CANTO) Orientaci\u00f3n: M\u00daSICA &#8211; CANTO Modalidad: ARTISTICA Ley de educaci\u00f3n: LEY DE EDUCACI\u00d3N PROVINCIAL N\u00ba 13.688 Norma jurisdiccional de aprobaci\u00f3n: RESOLUCI\u00d3N N\u00b0 6190\/03 Y RESOLUCI\u00d3N N\u00b0 2789\/09 Resoluci\u00f3n&nbsp;No.13234\/99 DISE\u00d1O CURRICULAR ORDEN MATERIA MARCA MODULO CARGA HORARIA 1- A\u00d1O PRIMERO (1) &#8211; CICLO BASICO 1 PERSPECTIVA FILOSOFICO-PEDAGOGICA I HS 2 2 &#8230; <a title=\"PROFESORADO EN M\u00daSICA (ORIENTACI\u00d3N CANTO)\" class=\"read-more\" href=\"https:\/\/eafv-bue.infd.edu.ar\/sitio\/profesorado-en-musica-orientacion-canto\/\" aria-label=\"More on PROFESORADO EN M\u00daSICA (ORIENTACI\u00d3N CANTO)\">[+]<\/a><\/p>\n","protected":false},"author":87,"featured_media":0,"parent":0,"menu_order":0,"comment_status":"closed","ping_status":"closed","template":"","meta":[],"acf":[],"_links":{"self":[{"href":"https:\/\/eafv-bue.infd.edu.ar\/sitio\/wp-json\/wp\/v2\/pages\/887"}],"collection":[{"href":"https:\/\/eafv-bue.infd.edu.ar\/sitio\/wp-json\/wp\/v2\/pages"}],"about":[{"href":"https:\/\/eafv-bue.infd.edu.ar\/sitio\/wp-json\/wp\/v2\/types\/page"}],"author":[{"embeddable":true,"href":"https:\/\/eafv-bue.infd.edu.ar\/sitio\/wp-json\/wp\/v2\/users\/87"}],"replies":[{"embeddable":true,"href":"https:\/\/eafv-bue.infd.edu.ar\/sitio\/wp-json\/wp\/v2\/comments?post=887"}],"version-history":[{"count":3,"href":"https:\/\/eafv-bue.infd.edu.ar\/sitio\/wp-json\/wp\/v2\/pages\/887\/revisions"}],"predecessor-version":[{"id":1049,"href":"https:\/\/eafv-bue.infd.edu.ar\/sitio\/wp-json\/wp\/v2\/pages\/887\/revisions\/1049"}],"wp:attachment":[{"href":"https:\/\/eafv-bue.infd.edu.ar\/sitio\/wp-json\/wp\/v2\/media?parent=887"}],"curies":[{"name":"wp","href":"https:\/\/api.w.org\/{rel}","templated":true}]}}