{"id":721,"date":"2018-08-29T20:56:52","date_gmt":"2018-08-29T23:56:52","guid":{"rendered":"https:\/\/eafv-bue.infd.edu.ar\/sitio\/profesorado-de-musica-orientacion-en-educacion-musical\/"},"modified":"2022-10-06T20:57:23","modified_gmt":"2022-10-06T23:57:23","slug":"profesorado-de-musica-orientacion-en-educacion-musical","status":"publish","type":"page","link":"https:\/\/eafv-bue.infd.edu.ar\/sitio\/profesorado-de-musica-orientacion-en-educacion-musical\/","title":{"rendered":"PROFESORADO DE M\u00daSICA CON ORIENTACI\u00d3N EN EDUCACI\u00d3N MUSICAL"},"content":{"rendered":"\n<p><span style=\"font-size: 14pt;\">El&nbsp;<strong>Profesorado en M\u00fasica orientaci\u00f3n Educaci\u00f3n Musical<\/strong><strong>&nbsp;<\/strong>tiene como objetivo principal formar&nbsp;<strong>m\u00fasicos docentes<\/strong>&nbsp;con s\u00f3lidos conocimientos pedag\u00f3gicos,&nbsp;atentos a los cambios y transformaciones propios de nuestra&nbsp;tarea cotidiana y comprometidos con la realidad sociocultural de nuestro pa\u00eds, con un perfil abierto a las necesidades de los otros en el mundo que nos toca transitar.<\/span><\/p>\n\n\n\n<p><span style=\"font-size: 14pt;\">&nbsp;Al finalizar el profesorado se otorgar\u00e1 el t\u00edtulo de&nbsp;<strong>Profesor\/a en M\u00fasica orientaci\u00f3n Educaci\u00f3n Musical<\/strong>&nbsp;que habilitar\u00e1 para los niveles Inicial, Primaria, Secundaria y algunas asignaturas de las formaciones b\u00e1sicas (FOBA) de las instituciones terciarias.<\/span><\/p>\n\n\n\n<p><strong>T\u00edtulo<\/strong><\/p>\n\n\n\n<p>PROFESORADO DE MUSICA (ORIENTACION EN EDUCACION MUSICAL)<\/p>\n\n\n\n<p><strong>Orientaci\u00f3n<\/strong><\/p>\n\n\n\n<p>EDUCACION MUSICAL<\/p>\n\n\n\n<p><strong>Modalidad<\/strong><\/p>\n\n\n\n<p>ARTISTICA<\/p>\n\n\n\n<p>LEY DE EDUCACI\u00d3N PROVINCIAL N\u00ba 13.688<\/p>\n\n\n\n<p><a href=\"https:\/\/eafv-bue.infd.edu.ar\/sitio\/wp-content\/uploads\/2022\/06\/AnexoDisenoEd.Musical-855.pdf\">Anexo Dise\u00f1o Educaci\u00f3n Musical Res. 855\/11<\/a><\/p>\n\n\n\n<pre class=\"wp-block-preformatted\"><strong>DISE\u00d1O CURRICULAR<\/strong><\/pre>\n\n\n\n<figure class=\"wp-block-table\"><table><thead><tr><th>ORDEN<\/th><th>MATERIA<\/th><th>MARCA MODULO<\/th><th>CARGA HORARIA<\/th><\/tr><\/thead><tbody><tr><td>A\u00f1o 1 (PRIMER GRADO)<\/td><\/tr><tr><td>1<\/td><td>LENGUAJE MUSICAL I<\/td><td>HS<\/td><td>4<\/td><\/tr><tr><td>2<\/td><td>PRODUCCION Y ANALISIS MUSICAL I<\/td><td>HS<\/td><td>2<\/td><\/tr><tr><td>3<\/td><td>INSTRUMENTO ARMONICO I<\/td><td>HS<\/td><td>1<\/td><\/tr><tr><td>4<\/td><td>CANTO COLECTIVO I<\/td><td>HS<\/td><td>2<\/td><\/tr><tr><td>5<\/td><td>PERCUSION<\/td><td>HS<\/td><td>2<\/td><\/tr><tr><td>6<\/td><td>TRABAJO CORPORAL<\/td><td>HS<\/td><td>2<\/td><\/tr><tr><td>7<\/td><td>PRACTICA DOCENTE I<\/td><td>HS<\/td><td>3<\/td><\/tr><tr><td>8<\/td><td>FUNDAMENTOS DE LA EDUCACION<\/td><td>HS<\/td><td>2<\/td><\/tr><tr><td>9<\/td><td>PSICOLOGIA DE LA EDUCACION I<\/td><td>HS<\/td><td>2<\/td><\/tr><tr><td>10<\/td><td>HISTORIA SOCIAL GENERAL<\/td><td>HS<\/td><td>2<\/td><\/tr><tr><td>11<\/td><td>ESPACIO DE DEFINICION INSTITUCIONAL<\/td><td>HS<\/td><td>2<\/td><\/tr><tr><td>A\u00f1o 2 (SEGUNDO GRADO)<\/td><\/tr><tr><td>1<\/td><td>LENGUAJE MUSICAL II<\/td><td>HS<\/td><td>4<\/td><\/tr><tr><td>2<\/td><td>PRODUCCION Y ANALISIS MUSICAL II<\/td><td>HS<\/td><td>2<\/td><\/tr><tr><td>3<\/td><td>HISTORIA DE LA MUSICA I<\/td><td>HS<\/td><td>2<\/td><\/tr><tr><td>4<\/td><td>INSTRUMENTO ARMONICO II<\/td><td>HS<\/td><td>1<\/td><\/tr><tr><td>5<\/td><td>CANTO COLECTIVO II<\/td><td>HS<\/td><td>2<\/td><\/tr><tr><td>6<\/td><td>CONJUNTOS VOCALES E INSTRUMENTALES I<\/td><td>HS<\/td><td>2<\/td><\/tr><tr><td>7<\/td><td>PRACTICA DOCENTE II<\/td><td>HS<\/td><td>3<\/td><\/tr><tr><td>8<\/td><td>DIDACTICA GENERAL<\/td><td>HS<\/td><td>2<\/td><\/tr><tr><td>9<\/td><td>PSICOLOGIA DE LA EDUCACION II<\/td><td>HS<\/td><td>2<\/td><\/tr><tr><td>10<\/td><td>HISTORIA SOCIOPOLITICA DE LATINOAMERICA Y ARGENTINA<\/td><td>HS<\/td><td>2<\/td><\/tr><tr><td>11<\/td><td>ESPACIO DE DEFINICION INSTITUCIONAL<\/td><td>HS<\/td><td>2<\/td><\/tr><tr><td>A\u00f1o 3 (TERCER GRADO)<\/td><\/tr><tr><td>1<\/td><td>LENGUAJE MUSICAL III<\/td><td>HS<\/td><td>4<\/td><\/tr><tr><td>2<\/td><td>HISTORIA DE LA MUSICA II<\/td><td>HS<\/td><td>2<\/td><\/tr><tr><td>3<\/td><td>INSTRUMENTO ARMONICO III<\/td><td>HS<\/td><td>1<\/td><\/tr><tr><td>4<\/td><td>INFORMATICA Y MEDIOS ELECTROACUSTICOS<\/td><td>HS<\/td><td>2<\/td><\/tr><tr><td>5<\/td><td>CONJUNTOS VOCALES E INSTRUMENTALES II<\/td><td>HS<\/td><td>2<\/td><\/tr><tr><td>6<\/td><td>DIDACTICA DE LA MUSICA I<\/td><td>HS<\/td><td>3<\/td><\/tr><tr><td>7<\/td><td>PRACTICA DOCENTE III<\/td><td>HS<\/td><td>4<\/td><\/tr><tr><td>8<\/td><td>POLITICA EDUCATIVA<\/td><td>HS<\/td><td>2<\/td><\/tr><tr><td>9<\/td><td>TEORIAS DEL ARTE I<\/td><td>HS<\/td><td>2<\/td><\/tr><tr><td>10<\/td><td>ESPACIO DE DEFINICION INSTITUCIONAL<\/td><td>HS<\/td><td>2<\/td><\/tr><tr><td>A\u00f1o 4 (CUARTO GRADO)<\/td><\/tr><tr><td>1<\/td><td>LENGUAJE MUSICAL IV<\/td><td>HS<\/td><td>4<\/td><\/tr><tr><td>2<\/td><td>HISTORIA DE LA MUSICA III<\/td><td>HS<\/td><td>2<\/td><\/tr><tr><td>3<\/td><td>INSTRUMENTO ARMONICO IV<\/td><td>HS<\/td><td>1<\/td><\/tr><tr><td>4<\/td><td>REALIZACION MUSICAL-ESCENICA<\/td><td>HS<\/td><td>2<\/td><\/tr><tr><td>5<\/td><td>DIDACTICA DE LA MUSICA II<\/td><td>HS<\/td><td>3<\/td><\/tr><tr><td>6<\/td><td>PRACTICA DOCENTE IV<\/td><td>HS<\/td><td>4<\/td><\/tr><tr><td>7<\/td><td>TEORIAS DEL ARTE II<\/td><td>HS<\/td><td>2<\/td><\/tr><tr><td>8<\/td><td>METODOLOGIA DE LA INVESTIGACION EN ARTES<\/td><td>HS<\/td><td>3<\/td><\/tr><tr><td>9<\/td><td>ESPACIO DE DEFINICION INSTITUCIONAL<\/td><td>HS<\/td><td>2<\/td><\/tr><\/tbody><\/table><\/figure>\n\n\n\n<p><\/p>\n\n\n\n<pre class=\"wp-block-preformatted\"><strong>REGIMEN DE CORRELATIVIDADES<\/strong><\/pre>\n\n\n\n<p>Primer A\u00f1o&nbsp;<\/p>\n\n\n\n<figure class=\"wp-block-table\"><table><tbody><tr><td><strong>N\u00ba<\/strong><\/td><td><strong>MATERIA<\/strong><\/td><td><strong>CORRELATIVAS<\/strong><\/td><\/tr><tr><td>1<\/td><td>Lenguaje musical I<\/td><td>Instrumento Arm\u00f3nico (FOBA) Lenguaje&nbsp; Musical (M\u00f3dulo 6. FOBA) Apreciaci\u00f3n Musical II. FOBA)<\/td><\/tr><tr><td>2<\/td><td>Producci\u00f3n y an\u00e1lisis musical I<\/td><td>Instrumento Arm\u00f3nico (FOBA) Lenguaje&nbsp; Musical (M\u00f3dulo 6. FOBA) Apreciaci\u00f3n Musical II (FOBA)<\/td><\/tr><tr><td>3<\/td><td>Instrumento arm\u00f3nico I<\/td><td>Instrumento Arm\u00f3nico (FOBA)<\/td><\/tr><tr><td>4<\/td><td>Canto colectivo I<\/td><td>Pr\u00e1ctica Coral (FOBA)<\/td><\/tr><tr><td>5<\/td><td>Percusi\u00f3n<\/td><td>Pr\u00e1ctica de Conjunto Vocal e Instrumental II (FOBA)<\/td><\/tr><tr><td>6<\/td><td>Trabajo Corporal<\/td><td>Lenguaje Musical (M\u00f3dulo 4. FOBA)<\/td><\/tr><tr><td>7<\/td><td>Pr\u00e1ctica Docente I<\/td><td>FOBA COMPLETO<\/td><\/tr><tr><td>8<\/td><td>Fundamentos de la Educaci\u00f3n<\/td><td>FOBA COMPLETO<\/td><\/tr><tr><td>9<\/td><td>Psicolog\u00eda de la Educaci\u00f3n I<\/td><td>FOBA COMPLETO<\/td><\/tr><tr><td>10<\/td><td>Historia Social General<\/td><td>FOBA COMPLETO<\/td><\/tr><\/tbody><\/table><\/figure>\n\n\n\n<p>Segundo A\u00f1o<\/p>\n\n\n\n<figure class=\"wp-block-table\"><table><tbody><tr><td>1<\/td><td>Lenguaje musical II<\/td><td>Lenguaje musical I; Instrumento arm\u00f3nico I<\/td><\/tr><tr><td>2<\/td><td>Producci\u00f3n y an\u00e1lisis musical II<\/td><td>Producci\u00f3n y an\u00e1lisis musical I<\/td><\/tr><tr><td>3<\/td><td>Historia de la m\u00fasica I<\/td><td>Lenguaje musical I<\/td><\/tr><tr><td>4<\/td><td>Instrumento arm\u00f3nico II<\/td><td>Instrumento arm\u00f3nico I<\/td><\/tr><tr><td>5<\/td><td>Canto colectivo II<\/td><td>Canto colectivo I<\/td><\/tr><tr><td>6<\/td><td>Conjuntos vocales e instrumentales I<\/td><td>Producci\u00f3n y an\u00e1lisis musical I<\/td><\/tr><tr><td>7<\/td><td>Pr\u00e1ctica Docente II<\/td><td>Pr\u00e1ctica Docente I; Fundamentos de la educaci\u00f3n; Psicolog\u00eda de la Educaci\u00f3n I<\/td><\/tr><tr><td>8<\/td><td>Did\u00e1ctica General<\/td><td>Fundamentos de la Educaci\u00f3n; Psicolog\u00eda de la Educaci\u00f3n I<\/td><\/tr><tr><td>9<\/td><td>Psicolog\u00eda de la Educaci\u00f3n II<\/td><td>Psicolog\u00eda&nbsp; de la Educaci\u00f3n I; Fundamentos de la Educaci\u00f3n<\/td><\/tr><tr><td>10<\/td><td>Historia Sociopol\u00edtica de Latinoam\u00e9rica y Argentina<\/td><td>Historia Social General<\/td><\/tr><\/tbody><\/table><\/figure>\n\n\n\n<p>Tercer A\u00f1o<\/p>\n\n\n\n<figure class=\"wp-block-table\"><table><tbody><tr><td>1<\/td><td>Lenguaje musical III<\/td><td>Lenguaje musical II; Instrumento arm\u00f3nico II<\/td><\/tr><tr><td>2<\/td><td>Historia de la m\u00fasica II<\/td><td>Historia de la m\u00fasica I<\/td><\/tr><tr><td>3<\/td><td>Instrumento arm\u00f3nico III<\/td><td>Instrumento arm\u00f3nico II; Lenguaje musical I<\/td><\/tr><tr><td>4<\/td><td>Inform\u00e1tica y medios electroac\u00fasticos<\/td><td>Lenguaje musical I<\/td><\/tr><tr><td>5<\/td><td>Conjuntos vocales e instrumentales II<\/td><td>Conjuntos vocales e instrumentales I<\/td><\/tr><tr><td>6<\/td><td>Did\u00e1ctica de la M\u00fasica I<\/td><td>Did\u00e1ctica General; Psicolog\u00eda de la Educaci\u00f3n II; Pr\u00e1ctica Docente II<\/td><\/tr><tr><td>7<\/td><td>Pr\u00e1ctica Docente III*<\/td><td>Segundo a\u00f1o completo&nbsp;<\/td><\/tr><tr><td>8<\/td><td>Pol\u00edtica Educativa<\/td><td>Did\u00e1ctica General; Historia Sociopol\u00edtica de Latinoam\u00e9rica y Argentina<\/td><\/tr><tr><td>9<\/td><td>Teor\u00edas del arte I<\/td><td>Historia sociopol\u00edtica de Latinoam\u00e9rica y Argentina; Historia de la M\u00fasica I.<\/td><\/tr><\/tbody><\/table><\/figure>\n\n\n\n<p>Cuarto A\u00f1o&nbsp;<\/p>\n\n\n\n<figure class=\"wp-block-table\"><table><tbody><tr><td>1<\/td><td>Lenguaje musical IV<\/td><td>Lenguaje musical III; Instrumento arm\u00f3nico III<\/td><\/tr><tr><td>2<\/td><td>Historia de la m\u00fasica III<\/td><td>Historia de la m\u00fasica II<\/td><\/tr><tr><td>3<\/td><td>Instrumento arm\u00f3nico IV<\/td><td>Instrumento arm\u00f3nico III; Lenguaje musical III<\/td><\/tr><tr><td>4<\/td><td>Realizaci\u00f3n musical-esc\u00e9nica<\/td><td>Producci\u00f3n y an\u00e1lisis musical II; Conjuntos vocales e instrumentales I; Trabajo Corporal; Canto colectivo II.<\/td><\/tr><tr><td>5<\/td><td>Did\u00e1ctica de la M\u00fasica II<\/td><td>Did\u00e1ctica de la M\u00fasica I; Pol\u00edtica Educativa; Pr\u00e1ctica Docente III<\/td><\/tr><tr><td>6<\/td><td>Pr\u00e1ctica Docente IV*<\/td><td>Tercer a\u00f1o completo<\/td><\/tr><tr><td>7<\/td><td>Teor\u00edas del arte II<\/td><td>Teor\u00edas del arte I; Historia de la M\u00fasica II&nbsp;<\/td><\/tr><tr><td>8<\/td><td>Metodolog\u00eda de la investigaci\u00f3n en Artes<\/td><td>Teor\u00edas del arte I; Historia de la M\u00fasica II<\/td><\/tr><\/tbody><\/table><\/figure>\n\n\n\n<p>* Para cursar Pr\u00e1ctica Docente III y IV, el alumno deber\u00e1 cursar en paralelo la Did\u00e1ctica espec\u00edfica del nivel o tener la cursada de la misma aprobada.<br><\/p>\n","protected":false},"excerpt":{"rendered":"<p>El&nbsp;Profesorado en M\u00fasica orientaci\u00f3n Educaci\u00f3n Musical&nbsp;tiene como objetivo principal formar&nbsp;m\u00fasicos docentes&nbsp;con s\u00f3lidos conocimientos pedag\u00f3gicos,&nbsp;atentos a los cambios y transformaciones propios de nuestra&nbsp;tarea cotidiana y comprometidos con la realidad sociocultural de nuestro pa\u00eds, con un perfil abierto a las necesidades de los otros en el mundo que nos toca transitar. &nbsp;Al finalizar el profesorado se otorgar\u00e1 &#8230; <a title=\"PROFESORADO DE M\u00daSICA CON ORIENTACI\u00d3N EN EDUCACI\u00d3N MUSICAL\" class=\"read-more\" href=\"https:\/\/eafv-bue.infd.edu.ar\/sitio\/profesorado-de-musica-orientacion-en-educacion-musical\/\" aria-label=\"More on PROFESORADO DE M\u00daSICA CON ORIENTACI\u00d3N EN EDUCACI\u00d3N MUSICAL\">[+]<\/a><\/p>\n","protected":false},"author":87,"featured_media":0,"parent":0,"menu_order":0,"comment_status":"closed","ping_status":"closed","template":"","meta":[],"acf":[],"_links":{"self":[{"href":"https:\/\/eafv-bue.infd.edu.ar\/sitio\/wp-json\/wp\/v2\/pages\/721"}],"collection":[{"href":"https:\/\/eafv-bue.infd.edu.ar\/sitio\/wp-json\/wp\/v2\/pages"}],"about":[{"href":"https:\/\/eafv-bue.infd.edu.ar\/sitio\/wp-json\/wp\/v2\/types\/page"}],"author":[{"embeddable":true,"href":"https:\/\/eafv-bue.infd.edu.ar\/sitio\/wp-json\/wp\/v2\/users\/87"}],"replies":[{"embeddable":true,"href":"https:\/\/eafv-bue.infd.edu.ar\/sitio\/wp-json\/wp\/v2\/comments?post=721"}],"version-history":[{"count":5,"href":"https:\/\/eafv-bue.infd.edu.ar\/sitio\/wp-json\/wp\/v2\/pages\/721\/revisions"}],"predecessor-version":[{"id":1041,"href":"https:\/\/eafv-bue.infd.edu.ar\/sitio\/wp-json\/wp\/v2\/pages\/721\/revisions\/1041"}],"wp:attachment":[{"href":"https:\/\/eafv-bue.infd.edu.ar\/sitio\/wp-json\/wp\/v2\/media?parent=721"}],"curies":[{"name":"wp","href":"https:\/\/api.w.org\/{rel}","templated":true}]}}