{"id":715,"date":"2018-08-29T20:56:50","date_gmt":"2018-08-29T23:56:50","guid":{"rendered":"https:\/\/eafv-bue.infd.edu.ar\/sitio\/autoridades\/"},"modified":"2026-02-26T20:39:33","modified_gmt":"2026-02-26T23:39:33","slug":"autoridades","status":"publish","type":"page","link":"https:\/\/eafv-bue.infd.edu.ar\/sitio\/autoridades\/","title":{"rendered":"Autoridades"},"content":{"rendered":"<div id=\"contenido_sitio\">\n<p style=\"text-align: left;\">Directora<strong>:\u00a0 Viviana Romero<\/strong><\/p>\n<p>Vicedirectora<strong>: Jorgelina Lavalle<\/strong><\/p>\n<p>Regente: <strong>Federico Dall&#8217;Ara<\/strong><\/p>\n<p>Regente: <strong>Nicol\u00e1s Rombouts<\/strong><\/p>\n<p>Secretario:<strong> N\u00e9stor Lobato<\/strong><\/p>\n<p>Prosecretario:<strong> Gast\u00f3n Lorefice<\/strong><\/p>\n<p>Jefes de \u00e1rea M\u00fasica:<\/p>\n<p><strong>Daniel Landea<\/strong><\/p>\n<p>Sin Cubrir<\/p>\n<p>Jefes de \u00e1rea Artes Visuales:<\/p>\n<p><strong>Danisa Correa Rocha<\/strong><\/p>\n<p><strong>Mariel Ferrario<\/strong><\/p>\n<p>Jefa de Area de Pr\u00e1cticas Docentes:<\/p>\n<p><strong>Vanesa Lezcano<\/strong><\/p>\n<\/div>\n","protected":false},"excerpt":{"rendered":"<p>Directora:\u00a0 Viviana Romero Vicedirectora: Jorgelina Lavalle Regente: Federico Dall&#8217;Ara Regente: Nicol\u00e1s Rombouts Secretario: N\u00e9stor Lobato Prosecretario: Gast\u00f3n Lorefice Jefes de \u00e1rea M\u00fasica: Daniel Landea Sin Cubrir Jefes de \u00e1rea Artes Visuales: Danisa Correa Rocha Mariel Ferrario Jefa de Area de Pr\u00e1cticas Docentes: Vanesa Lezcano<\/p>\n","protected":false},"author":87,"featured_media":0,"parent":0,"menu_order":0,"comment_status":"closed","ping_status":"closed","template":"","meta":[],"acf":[],"_links":{"self":[{"href":"https:\/\/eafv-bue.infd.edu.ar\/sitio\/wp-json\/wp\/v2\/pages\/715"}],"collection":[{"href":"https:\/\/eafv-bue.infd.edu.ar\/sitio\/wp-json\/wp\/v2\/pages"}],"about":[{"href":"https:\/\/eafv-bue.infd.edu.ar\/sitio\/wp-json\/wp\/v2\/types\/page"}],"author":[{"embeddable":true,"href":"https:\/\/eafv-bue.infd.edu.ar\/sitio\/wp-json\/wp\/v2\/users\/87"}],"replies":[{"embeddable":true,"href":"https:\/\/eafv-bue.infd.edu.ar\/sitio\/wp-json\/wp\/v2\/comments?post=715"}],"version-history":[{"count":8,"href":"https:\/\/eafv-bue.infd.edu.ar\/sitio\/wp-json\/wp\/v2\/pages\/715\/revisions"}],"predecessor-version":[{"id":1977,"href":"https:\/\/eafv-bue.infd.edu.ar\/sitio\/wp-json\/wp\/v2\/pages\/715\/revisions\/1977"}],"wp:attachment":[{"href":"https:\/\/eafv-bue.infd.edu.ar\/sitio\/wp-json\/wp\/v2\/media?parent=715"}],"curies":[{"name":"wp","href":"https:\/\/api.w.org\/{rel}","templated":true}]}}