{"id":1860,"date":"2024-12-19T10:28:14","date_gmt":"2024-12-19T13:28:14","guid":{"rendered":"https:\/\/eafv-bue.infd.edu.ar\/sitio\/?page_id=1860"},"modified":"2024-12-19T10:36:31","modified_gmt":"2024-12-19T13:36:31","slug":"solicitud-de-porcentaje-de-materias-aprobadas","status":"publish","type":"page","link":"https:\/\/eafv-bue.infd.edu.ar\/sitio\/solicitud-de-porcentaje-de-materias-aprobadas\/","title":{"rendered":"SOLICITUD DE PORCENTAJE DE MATERIAS APROBADAS"},"content":{"rendered":"\n<p>DESDE EL SIGUIENTE ENLACE POD\u00c9S COMPLETAR UN FORMULARIO EN EL QUE TENDR\u00c1S QUE INDICAR CUAL ES TU CARRERA Y LA CANTIDAD DE MATERIAS QUE TENGAS APROBADAS (LAS MISMAS SER\u00c1N COTEJADAS POR LOS PRECEPTORES). EN EL TRANSCURSO DE 15 (QUINCE) D\u00cdAS PODES PASAR A RETIRAR TU DOCUMENTACI\u00d3N POR PRECEPTOR\u00cdA.<\/p>\n\n\n\n<p><a href=\"https:\/\/forms.gle\/cy5S9cebogvyzZUw8\" data-type=\"URL\" data-id=\"https:\/\/forms.gle\/cy5S9cebogvyzZUw8\">SOLICIT\u00c1 TU PORCENTAJE DE MATERIAS APROBADAS DESDE AQU\u00cd<\/a>.<\/p>\n","protected":false},"excerpt":{"rendered":"<p>DESDE EL SIGUIENTE ENLACE POD\u00c9S COMPLETAR UN FORMULARIO EN EL QUE TENDR\u00c1S QUE INDICAR CUAL ES TU CARRERA Y LA CANTIDAD DE MATERIAS QUE TENGAS APROBADAS (LAS MISMAS SER\u00c1N COTEJADAS POR LOS PRECEPTORES). EN EL TRANSCURSO DE 15 (QUINCE) D\u00cdAS PODES PASAR A RETIRAR TU DOCUMENTACI\u00d3N POR PRECEPTOR\u00cdA. SOLICIT\u00c1 TU PORCENTAJE DE MATERIAS APROBADAS DESDE &#8230; <a title=\"SOLICITUD DE PORCENTAJE DE MATERIAS APROBADAS\" class=\"read-more\" href=\"https:\/\/eafv-bue.infd.edu.ar\/sitio\/solicitud-de-porcentaje-de-materias-aprobadas\/\" aria-label=\"More on SOLICITUD DE PORCENTAJE DE MATERIAS APROBADAS\">[+]<\/a><\/p>\n","protected":false},"author":87,"featured_media":0,"parent":0,"menu_order":0,"comment_status":"closed","ping_status":"closed","template":"","meta":[],"acf":[],"_links":{"self":[{"href":"https:\/\/eafv-bue.infd.edu.ar\/sitio\/wp-json\/wp\/v2\/pages\/1860"}],"collection":[{"href":"https:\/\/eafv-bue.infd.edu.ar\/sitio\/wp-json\/wp\/v2\/pages"}],"about":[{"href":"https:\/\/eafv-bue.infd.edu.ar\/sitio\/wp-json\/wp\/v2\/types\/page"}],"author":[{"embeddable":true,"href":"https:\/\/eafv-bue.infd.edu.ar\/sitio\/wp-json\/wp\/v2\/users\/87"}],"replies":[{"embeddable":true,"href":"https:\/\/eafv-bue.infd.edu.ar\/sitio\/wp-json\/wp\/v2\/comments?post=1860"}],"version-history":[{"count":2,"href":"https:\/\/eafv-bue.infd.edu.ar\/sitio\/wp-json\/wp\/v2\/pages\/1860\/revisions"}],"predecessor-version":[{"id":1863,"href":"https:\/\/eafv-bue.infd.edu.ar\/sitio\/wp-json\/wp\/v2\/pages\/1860\/revisions\/1863"}],"wp:attachment":[{"href":"https:\/\/eafv-bue.infd.edu.ar\/sitio\/wp-json\/wp\/v2\/media?parent=1860"}],"curies":[{"name":"wp","href":"https:\/\/api.w.org\/{rel}","templated":true}]}}