{"id":1854,"date":"2024-12-10T16:42:32","date_gmt":"2024-12-10T19:42:32","guid":{"rendered":"https:\/\/eafv-bue.infd.edu.ar\/sitio\/?page_id=1854"},"modified":"2024-12-10T16:42:33","modified_gmt":"2024-12-10T19:42:33","slug":"libreta-estudiantil","status":"publish","type":"page","link":"https:\/\/eafv-bue.infd.edu.ar\/sitio\/libreta-estudiantil\/","title":{"rendered":"LIBRETA ESTUDIANTIL"},"content":{"rendered":"\n<p>Descarga desde aqu\u00ed el archivo para imprimir tu libreta.<\/p>\n\n\n\n<p>Lo imprim\u00eds, lo armas y lo entregas en direcci\u00f3n para que sea firmado, luego podes empezar a usar tu libreta de estudiante.<\/p>\n\n\n\n<p><a href=\"https:\/\/eafv-bue.infd.edu.ar\/sitio\/wp-content\/uploads\/2024\/12\/LIBRETA-ESTUDIANTIL-EARI.pdf\" data-type=\"URL\" data-id=\"https:\/\/eafv-bue.infd.edu.ar\/sitio\/wp-content\/uploads\/2024\/12\/LIBRETA-ESTUDIANTIL-EARI.pdf\">DESCARGA AQU\u00cd TU LIBRETA<\/a><\/p>\n","protected":false},"excerpt":{"rendered":"<p>Descarga desde aqu\u00ed el archivo para imprimir tu libreta. Lo imprim\u00eds, lo armas y lo entregas en direcci\u00f3n para que sea firmado, luego podes empezar a usar tu libreta de estudiante. DESCARGA AQU\u00cd TU LIBRETA<\/p>\n","protected":false},"author":87,"featured_media":0,"parent":0,"menu_order":0,"comment_status":"closed","ping_status":"closed","template":"","meta":[],"acf":[],"_links":{"self":[{"href":"https:\/\/eafv-bue.infd.edu.ar\/sitio\/wp-json\/wp\/v2\/pages\/1854"}],"collection":[{"href":"https:\/\/eafv-bue.infd.edu.ar\/sitio\/wp-json\/wp\/v2\/pages"}],"about":[{"href":"https:\/\/eafv-bue.infd.edu.ar\/sitio\/wp-json\/wp\/v2\/types\/page"}],"author":[{"embeddable":true,"href":"https:\/\/eafv-bue.infd.edu.ar\/sitio\/wp-json\/wp\/v2\/users\/87"}],"replies":[{"embeddable":true,"href":"https:\/\/eafv-bue.infd.edu.ar\/sitio\/wp-json\/wp\/v2\/comments?post=1854"}],"version-history":[{"count":1,"href":"https:\/\/eafv-bue.infd.edu.ar\/sitio\/wp-json\/wp\/v2\/pages\/1854\/revisions"}],"predecessor-version":[{"id":1857,"href":"https:\/\/eafv-bue.infd.edu.ar\/sitio\/wp-json\/wp\/v2\/pages\/1854\/revisions\/1857"}],"wp:attachment":[{"href":"https:\/\/eafv-bue.infd.edu.ar\/sitio\/wp-json\/wp\/v2\/media?parent=1854"}],"curies":[{"name":"wp","href":"https:\/\/api.w.org\/{rel}","templated":true}]}}