{"id":1533,"date":"2024-03-10T17:56:24","date_gmt":"2024-03-10T20:56:24","guid":{"rendered":"https:\/\/eafv-bue.infd.edu.ar\/sitio\/?page_id=1533"},"modified":"2026-03-06T19:04:22","modified_gmt":"2026-03-06T22:04:22","slug":"horarios-2026","status":"publish","type":"page","link":"https:\/\/eafv-bue.infd.edu.ar\/sitio\/horarios-2026\/","title":{"rendered":"HORARIOS 2026"},"content":{"rendered":"\n<p>DESDE EL SIGUIENTE LINK PODR\u00c1S VISUALIZAR UN DOCUMENTO EN L\u00cdNEA EN EL QUE ENCONTRAR\u00c1N LOS HORARIOS DE TODAS LAS CARRERAS.<\/p>\n\n\n\n<p>EN EL DOCUMENTO VER\u00c1N PESTA\u00d1AS CON LOS NOMBRES DE LAS CARRERAS, NIVELES Y TAMBI\u00c9N TODA OFERTA DE EDIS POR CARRERA<\/p>\n\n\n\n<p><a href=\"https:\/\/docs.google.com\/spreadsheets\/d\/1R0H1_6rcEVRuqpcMWE0EnmjUbvS8eGvByOdOZTZjhgM\/edit?usp=sharing\" data-type=\"URL\" data-id=\"https:\/\/docs.google.com\/spreadsheets\/d\/1R0H1_6rcEVRuqpcMWE0EnmjUbvS8eGvByOdOZTZjhgM\/edit?usp=sharing\">ACCED\u00c9 AL DOCUMENTO DESDE AQU\u00cd.<\/a><\/p>\n","protected":false},"excerpt":{"rendered":"<p>DESDE EL SIGUIENTE LINK PODR\u00c1S VISUALIZAR UN DOCUMENTO EN L\u00cdNEA EN EL QUE ENCONTRAR\u00c1N LOS HORARIOS DE TODAS LAS CARRERAS. EN EL DOCUMENTO VER\u00c1N PESTA\u00d1AS CON LOS NOMBRES DE LAS CARRERAS, NIVELES Y TAMBI\u00c9N TODA OFERTA DE EDIS POR CARRERA ACCED\u00c9 AL DOCUMENTO DESDE AQU\u00cd.<\/p>\n","protected":false},"author":87,"featured_media":0,"parent":0,"menu_order":0,"comment_status":"closed","ping_status":"closed","template":"","meta":[],"acf":[],"_links":{"self":[{"href":"https:\/\/eafv-bue.infd.edu.ar\/sitio\/wp-json\/wp\/v2\/pages\/1533"}],"collection":[{"href":"https:\/\/eafv-bue.infd.edu.ar\/sitio\/wp-json\/wp\/v2\/pages"}],"about":[{"href":"https:\/\/eafv-bue.infd.edu.ar\/sitio\/wp-json\/wp\/v2\/types\/page"}],"author":[{"embeddable":true,"href":"https:\/\/eafv-bue.infd.edu.ar\/sitio\/wp-json\/wp\/v2\/users\/87"}],"replies":[{"embeddable":true,"href":"https:\/\/eafv-bue.infd.edu.ar\/sitio\/wp-json\/wp\/v2\/comments?post=1533"}],"version-history":[{"count":6,"href":"https:\/\/eafv-bue.infd.edu.ar\/sitio\/wp-json\/wp\/v2\/pages\/1533\/revisions"}],"predecessor-version":[{"id":1979,"href":"https:\/\/eafv-bue.infd.edu.ar\/sitio\/wp-json\/wp\/v2\/pages\/1533\/revisions\/1979"}],"wp:attachment":[{"href":"https:\/\/eafv-bue.infd.edu.ar\/sitio\/wp-json\/wp\/v2\/media?parent=1533"}],"curies":[{"name":"wp","href":"https:\/\/api.w.org\/{rel}","templated":true}]}}