{"id":1490,"date":"2024-02-27T19:05:05","date_gmt":"2024-02-27T22:05:05","guid":{"rendered":"https:\/\/eafv-bue.infd.edu.ar\/sitio\/?page_id=1490"},"modified":"2024-02-27T21:37:14","modified_gmt":"2024-02-28T00:37:14","slug":"autorizacion-de-retiro-para-menores-de-edad","status":"publish","type":"page","link":"https:\/\/eafv-bue.infd.edu.ar\/sitio\/autorizacion-de-retiro-para-menores-de-edad\/","title":{"rendered":"AUTORIZACI\u00d3N DE RETIRO PARA MENORES DE EDAD"},"content":{"rendered":"\n<p>Se\u00f1ores Padres\/ madres, y\/o tutores de alumnxs menores de edad, recuerden que deben cumplimentar la planilla de permiso de retiro entregando fotocopia del DNI de cada persona autorizada, incluidos quienes firman (lxs autorizadxs deben ser mayores de edad para retirar a alumnxs menores).<\/p>\n\n\n\n<p><br>Ning\u00fan alumnx se retirar\u00e1 de la instituci\u00f3n con nadie que no est\u00e9 autorizado por padre, madre o tutor mediante la planilla de permiso de retiro, sin excepci\u00f3n!!!<\/p>\n\n\n\n<p><\/p>\n\n\n\n<p>DESCARG\u00c1 DESDE AC\u00c1 LA PLANILLA, COMPLETALA Y ENTREGALA A TU PRECEPTOR<\/p>\n\n\n\n<div class=\"wp-block-file\"><object class=\"wp-block-file__embed\" data=\"https:\/\/eafv-bue.infd.edu.ar\/sitio\/wp-content\/uploads\/2024\/02\/AUTORIZACION-MENORES.pdf\" type=\"application\/pdf\" style=\"width:100%;height:600px\" aria-label=\"Incrustado de AUTORIZACION-MENORES.\"><\/object><a id=\"wp-block-file--media-f88bca6a-dbc4-43da-9df5-90b057229a4c\" href=\"https:\/\/eafv-bue.infd.edu.ar\/sitio\/wp-content\/uploads\/2024\/02\/AUTORIZACION-MENORES.pdf\">AUTORIZACION-MENORES<\/a><a href=\"https:\/\/eafv-bue.infd.edu.ar\/sitio\/wp-content\/uploads\/2024\/02\/AUTORIZACION-MENORES.pdf\" class=\"wp-block-file__button wp-element-button\" download aria-describedby=\"wp-block-file--media-f88bca6a-dbc4-43da-9df5-90b057229a4c\">Descarga<\/a><\/div>\n","protected":false},"excerpt":{"rendered":"<p>Se\u00f1ores Padres\/ madres, y\/o tutores de alumnxs menores de edad, recuerden que deben cumplimentar la planilla de permiso de retiro entregando fotocopia del DNI de cada persona autorizada, incluidos quienes firman (lxs autorizadxs deben ser mayores de edad para retirar a alumnxs menores). Ning\u00fan alumnx se retirar\u00e1 de la instituci\u00f3n con nadie que no est\u00e9 &#8230; <a title=\"AUTORIZACI\u00d3N DE RETIRO PARA MENORES DE EDAD\" class=\"read-more\" href=\"https:\/\/eafv-bue.infd.edu.ar\/sitio\/autorizacion-de-retiro-para-menores-de-edad\/\" aria-label=\"More on AUTORIZACI\u00d3N DE RETIRO PARA MENORES DE EDAD\">[+]<\/a><\/p>\n","protected":false},"author":87,"featured_media":0,"parent":0,"menu_order":0,"comment_status":"closed","ping_status":"closed","template":"","meta":[],"acf":[],"_links":{"self":[{"href":"https:\/\/eafv-bue.infd.edu.ar\/sitio\/wp-json\/wp\/v2\/pages\/1490"}],"collection":[{"href":"https:\/\/eafv-bue.infd.edu.ar\/sitio\/wp-json\/wp\/v2\/pages"}],"about":[{"href":"https:\/\/eafv-bue.infd.edu.ar\/sitio\/wp-json\/wp\/v2\/types\/page"}],"author":[{"embeddable":true,"href":"https:\/\/eafv-bue.infd.edu.ar\/sitio\/wp-json\/wp\/v2\/users\/87"}],"replies":[{"embeddable":true,"href":"https:\/\/eafv-bue.infd.edu.ar\/sitio\/wp-json\/wp\/v2\/comments?post=1490"}],"version-history":[{"count":3,"href":"https:\/\/eafv-bue.infd.edu.ar\/sitio\/wp-json\/wp\/v2\/pages\/1490\/revisions"}],"predecessor-version":[{"id":1495,"href":"https:\/\/eafv-bue.infd.edu.ar\/sitio\/wp-json\/wp\/v2\/pages\/1490\/revisions\/1495"}],"wp:attachment":[{"href":"https:\/\/eafv-bue.infd.edu.ar\/sitio\/wp-json\/wp\/v2\/media?parent=1490"}],"curies":[{"name":"wp","href":"https:\/\/api.w.org\/{rel}","templated":true}]}}