{"id":1373,"date":"2023-10-18T22:12:38","date_gmt":"2023-10-19T01:12:38","guid":{"rendered":"https:\/\/eafv-bue.infd.edu.ar\/sitio\/?page_id=1373"},"modified":"2023-10-19T08:15:30","modified_gmt":"2023-10-19T11:15:30","slug":"taller-de-iniciacion-musical","status":"publish","type":"page","link":"https:\/\/eafv-bue.infd.edu.ar\/sitio\/taller-de-iniciacion-musical\/","title":{"rendered":"TALLER DE INICIACI\u00d3N MUSICAL"},"content":{"rendered":"\n<p>Este es un espacio creado y pensado para ni\u00f1as y ni\u00f1os a partir de los 9a\u00f1os de edad, es una instancia de formaci\u00f3n proped\u00e9utica, es decir que este espacio le brinda a los estudiantes los conocimientos previos necesarios para afrontar luego la instancia de cursado de profesorados.<\/p>\n\n\n\n<p>El Taller consta de 2 est\u00edmulos semanales en Lenguaje Musical y 1 en instrumento, los horarios de cursada son en turno ma\u00f1ana o turno tarde, y la opci\u00f3n \u00f3ptima seria el contraturno con la escuela primaria.<\/p>\n","protected":false},"excerpt":{"rendered":"<p>Este es un espacio creado y pensado para ni\u00f1as y ni\u00f1os a partir de los 9a\u00f1os de edad, es una instancia de formaci\u00f3n proped\u00e9utica, es decir que este espacio le brinda a los estudiantes los conocimientos previos necesarios para afrontar luego la instancia de cursado de profesorados. El Taller consta de 2 est\u00edmulos semanales en &#8230; <a title=\"TALLER DE INICIACI\u00d3N MUSICAL\" class=\"read-more\" href=\"https:\/\/eafv-bue.infd.edu.ar\/sitio\/taller-de-iniciacion-musical\/\" aria-label=\"More on TALLER DE INICIACI\u00d3N MUSICAL\">[+]<\/a><\/p>\n","protected":false},"author":87,"featured_media":0,"parent":0,"menu_order":0,"comment_status":"closed","ping_status":"closed","template":"","meta":[],"acf":[],"_links":{"self":[{"href":"https:\/\/eafv-bue.infd.edu.ar\/sitio\/wp-json\/wp\/v2\/pages\/1373"}],"collection":[{"href":"https:\/\/eafv-bue.infd.edu.ar\/sitio\/wp-json\/wp\/v2\/pages"}],"about":[{"href":"https:\/\/eafv-bue.infd.edu.ar\/sitio\/wp-json\/wp\/v2\/types\/page"}],"author":[{"embeddable":true,"href":"https:\/\/eafv-bue.infd.edu.ar\/sitio\/wp-json\/wp\/v2\/users\/87"}],"replies":[{"embeddable":true,"href":"https:\/\/eafv-bue.infd.edu.ar\/sitio\/wp-json\/wp\/v2\/comments?post=1373"}],"version-history":[{"count":2,"href":"https:\/\/eafv-bue.infd.edu.ar\/sitio\/wp-json\/wp\/v2\/pages\/1373\/revisions"}],"predecessor-version":[{"id":1383,"href":"https:\/\/eafv-bue.infd.edu.ar\/sitio\/wp-json\/wp\/v2\/pages\/1373\/revisions\/1383"}],"wp:attachment":[{"href":"https:\/\/eafv-bue.infd.edu.ar\/sitio\/wp-json\/wp\/v2\/media?parent=1373"}],"curies":[{"name":"wp","href":"https:\/\/api.w.org\/{rel}","templated":true}]}}