{"id":1189,"date":"2023-06-27T23:06:02","date_gmt":"2023-06-28T02:06:02","guid":{"rendered":"https:\/\/eafv-bue.infd.edu.ar\/sitio\/?page_id=1189"},"modified":"2023-06-27T23:06:04","modified_gmt":"2023-06-28T02:06:04","slug":"solicitud-de-reincorporacion","status":"publish","type":"page","link":"https:\/\/eafv-bue.infd.edu.ar\/sitio\/solicitud-de-reincorporacion\/","title":{"rendered":"SOLICITUD DE REINCORPORACI\u00d3N"},"content":{"rendered":"\n<p>Si necesitas solicitar la reincorporaci\u00f3n a alguna materia, descarg\u00e1 desde <a href=\"https:\/\/eafv-bue.infd.edu.ar\/sitio\/wp-content\/uploads\/2023\/06\/solicitud-reincorporacion.docx\">ac\u00e1<\/a> la planilla, completala y entregala a tu preceptor para iniciar el tr\u00e1mite.<\/p>\n\n\n\n<div class=\"wp-block-file\"><a id=\"wp-block-file--media-f866877c-8fe3-4b3c-b845-633c4007822d\" href=\"https:\/\/eafv-bue.infd.edu.ar\/sitio\/wp-content\/uploads\/2023\/06\/solicitud-reincorporacion.docx\">Solicitud de Reincorporacion<\/a><a href=\"https:\/\/eafv-bue.infd.edu.ar\/sitio\/wp-content\/uploads\/2023\/06\/solicitud-reincorporacion.docx\" class=\"wp-block-file__button wp-element-button\" download aria-describedby=\"wp-block-file--media-f866877c-8fe3-4b3c-b845-633c4007822d\">Descarga<\/a><\/div>\n","protected":false},"excerpt":{"rendered":"<p>Si necesitas solicitar la reincorporaci\u00f3n a alguna materia, descarg\u00e1 desde ac\u00e1 la planilla, completala y entregala a tu preceptor para iniciar el tr\u00e1mite.<\/p>\n","protected":false},"author":87,"featured_media":0,"parent":0,"menu_order":0,"comment_status":"closed","ping_status":"closed","template":"","meta":[],"acf":[],"_links":{"self":[{"href":"https:\/\/eafv-bue.infd.edu.ar\/sitio\/wp-json\/wp\/v2\/pages\/1189"}],"collection":[{"href":"https:\/\/eafv-bue.infd.edu.ar\/sitio\/wp-json\/wp\/v2\/pages"}],"about":[{"href":"https:\/\/eafv-bue.infd.edu.ar\/sitio\/wp-json\/wp\/v2\/types\/page"}],"author":[{"embeddable":true,"href":"https:\/\/eafv-bue.infd.edu.ar\/sitio\/wp-json\/wp\/v2\/users\/87"}],"replies":[{"embeddable":true,"href":"https:\/\/eafv-bue.infd.edu.ar\/sitio\/wp-json\/wp\/v2\/comments?post=1189"}],"version-history":[{"count":1,"href":"https:\/\/eafv-bue.infd.edu.ar\/sitio\/wp-json\/wp\/v2\/pages\/1189\/revisions"}],"predecessor-version":[{"id":1192,"href":"https:\/\/eafv-bue.infd.edu.ar\/sitio\/wp-json\/wp\/v2\/pages\/1189\/revisions\/1192"}],"wp:attachment":[{"href":"https:\/\/eafv-bue.infd.edu.ar\/sitio\/wp-json\/wp\/v2\/media?parent=1189"}],"curies":[{"name":"wp","href":"https:\/\/api.w.org\/{rel}","templated":true}]}}