{"id":1178,"date":"2023-02-28T21:11:52","date_gmt":"2023-03-01T00:11:52","guid":{"rendered":"https:\/\/eafv-bue.infd.edu.ar\/sitio\/?page_id=1178"},"modified":"2026-02-25T00:08:32","modified_gmt":"2026-02-25T03:08:32","slug":"rematriculacion-2026","status":"publish","type":"page","link":"https:\/\/eafv-bue.infd.edu.ar\/sitio\/rematriculacion-2026\/","title":{"rendered":"REMATRICULACI\u00d3N 2026"},"content":{"rendered":"\n<p><\/p>\n\n\n\n<p>SELECCION\u00c1 EL FORMULARIO CORRESPONDIENTE A TU CARRERA Y DESDE AH\u00cd POD\u00c9S INSCRIBIRTE A LAS MATERIAS QUE QUIERAS CURSAR EN ESTE CICLO LECTIVO.<\/p>\n\n\n\n<p><strong>ARTES VISUALES<\/strong><\/p>\n\n\n\n<p><a href=\"https:\/\/forms.gle\/afyS8o88uNcDQEUi7\" data-type=\"URL\" data-id=\"https:\/\/forms.gle\/afyS8o88uNcDQEUi7\">REMATRICULACION FO. BA. &nbsp;ARTES VISUALES Y CER\u00c1MICA 2026<\/a><\/p>\n\n\n\n<p><a href=\"https:\/\/forms.gle\/vuVgfLEPxBaHN9To7\" data-type=\"URL\" data-id=\"https:\/\/forms.gle\/vuVgfLEPxBaHN9To7\">REMATRICULACI\u00d3N PROFESORADO EN ARTES VISUALES 1\u00b0 Y 2\u00b0 A\u00d1O- CICLO LECTIVO 2026<\/a><\/p>\n\n\n\n<p><a href=\"https:\/\/forms.gle\/b1dpGjDTDJg7rKCW6\" data-type=\"URL\" data-id=\"https:\/\/forms.gle\/b1dpGjDTDJg7rKCW6\">REMATRICULACI\u00d3N PROFESORADO EN ARTES VISUALES 3\u00b0 Y 4\u00b0 A\u00d1O &#8211; CICLO LECTIVO 2026<\/a><\/p>\n\n\n\n<p><a href=\"https:\/\/forms.gle\/9VJa6ZgnTJr7xvqNA\" data-type=\"URL\" data-id=\"https:\/\/forms.gle\/9VJa6ZgnTJr7xvqNA\">REMATRICULACI\u00d3N PROFESORADO EN CER\u00c1MICA 2026<\/a><\/p>\n\n\n\n<p><\/p>\n\n\n\n<p><strong>M\u00daSICA<\/strong><\/p>\n\n\n\n<p><a href=\"https:\/\/forms.gle\/vB9u758HkD51LmT98\" data-type=\"URL\" data-id=\"https:\/\/forms.gle\/vB9u758HkD51LmT98\">REMATRICULACION FO.BA. M\u00daSICA 2026<\/a><\/p>\n\n\n\n<p><a href=\"https:\/\/forms.gle\/xfd7zwt7ES7nGpxH8\" data-type=\"URL\" data-id=\"https:\/\/forms.gle\/xfd7zwt7ES7nGpxH8\">REMATRICULACI\u00d3N INICIACI\u00d3N MUSICAL 2026<\/a><\/p>\n\n\n\n<p><a href=\"https:\/\/forms.gle\/TnjrAn9HyRcbLQ2T8\" data-type=\"URL\" data-id=\"https:\/\/forms.gle\/TnjrAn9HyRcbLQ2T8\">REMATRICULACI\u00d3N CICLO MEDIO 2026<\/a><\/p>\n\n\n\n<p><a href=\"https:\/\/forms.gle\/eoaRDUuM9jxxumVy6\" data-type=\"URL\" data-id=\"https:\/\/forms.gle\/eoaRDUuM9jxxumVy6\">REMATRICULACION EDUCACI\u00d3N MUSICAL 2026<\/a><\/p>\n\n\n\n<p><a href=\"https:\/\/docs.google.com\/forms\/d\/e\/1FAIpQLScxRqq6HPN6qBg_oJMLWlCjnezgbK8ZCmsPu9sZDDmvR-E5KQ\/viewform?usp=sharing&amp;ouid=113269426543175159277\" data-type=\"URL\" data-id=\"https:\/\/docs.google.com\/forms\/d\/e\/1FAIpQLScxRqq6HPN6qBg_oJMLWlCjnezgbK8ZCmsPu9sZDDmvR-E5KQ\/viewform?usp=sharing&amp;ouid=113269426543175159277\">REMATRICULACION PROFESORADOS DE M\u00daSICA  (INSTRUMENTO &#8211; CANTO) 2026<\/a><\/p>\n","protected":false},"excerpt":{"rendered":"<p>SELECCION\u00c1 EL FORMULARIO CORRESPONDIENTE A TU CARRERA Y DESDE AH\u00cd POD\u00c9S INSCRIBIRTE A LAS MATERIAS QUE QUIERAS CURSAR EN ESTE CICLO LECTIVO. ARTES VISUALES REMATRICULACION FO. BA. &nbsp;ARTES VISUALES Y CER\u00c1MICA 2026 REMATRICULACI\u00d3N PROFESORADO EN ARTES VISUALES 1\u00b0 Y 2\u00b0 A\u00d1O- CICLO LECTIVO 2026 REMATRICULACI\u00d3N PROFESORADO EN ARTES VISUALES 3\u00b0 Y 4\u00b0 A\u00d1O &#8211; CICLO &#8230; <a title=\"REMATRICULACI\u00d3N 2026\" class=\"read-more\" href=\"https:\/\/eafv-bue.infd.edu.ar\/sitio\/rematriculacion-2026\/\" aria-label=\"More on REMATRICULACI\u00d3N 2026\">[+]<\/a><\/p>\n","protected":false},"author":87,"featured_media":0,"parent":0,"menu_order":0,"comment_status":"closed","ping_status":"closed","template":"","meta":[],"acf":[],"_links":{"self":[{"href":"https:\/\/eafv-bue.infd.edu.ar\/sitio\/wp-json\/wp\/v2\/pages\/1178"}],"collection":[{"href":"https:\/\/eafv-bue.infd.edu.ar\/sitio\/wp-json\/wp\/v2\/pages"}],"about":[{"href":"https:\/\/eafv-bue.infd.edu.ar\/sitio\/wp-json\/wp\/v2\/types\/page"}],"author":[{"embeddable":true,"href":"https:\/\/eafv-bue.infd.edu.ar\/sitio\/wp-json\/wp\/v2\/users\/87"}],"replies":[{"embeddable":true,"href":"https:\/\/eafv-bue.infd.edu.ar\/sitio\/wp-json\/wp\/v2\/comments?post=1178"}],"version-history":[{"count":6,"href":"https:\/\/eafv-bue.infd.edu.ar\/sitio\/wp-json\/wp\/v2\/pages\/1178\/revisions"}],"predecessor-version":[{"id":1975,"href":"https:\/\/eafv-bue.infd.edu.ar\/sitio\/wp-json\/wp\/v2\/pages\/1178\/revisions\/1975"}],"wp:attachment":[{"href":"https:\/\/eafv-bue.infd.edu.ar\/sitio\/wp-json\/wp\/v2\/media?parent=1178"}],"curies":[{"name":"wp","href":"https:\/\/api.w.org\/{rel}","templated":true}]}}