{"id":1000,"date":"2022-10-04T21:29:14","date_gmt":"2022-10-05T00:29:14","guid":{"rendered":"https:\/\/eafv-bue.infd.edu.ar\/sitio\/?page_id=1000"},"modified":"2022-10-04T21:31:32","modified_gmt":"2022-10-05T00:31:32","slug":"profesorado-en-ceramica","status":"publish","type":"page","link":"https:\/\/eafv-bue.infd.edu.ar\/sitio\/profesorado-en-ceramica\/","title":{"rendered":"PROFESORADO DE ARTES VISUALES (ORIENTACION CERAMICA)"},"content":{"rendered":"\n<p><strong>T\u00edtulo<\/strong>: PROFESORADO DE ARTES VISUALES (ORIENTACION CERAMICA)<\/p>\n\n\n\n<p><strong>Orientaci\u00f3n: <\/strong>CERAMICA<\/p>\n\n\n\n<p><strong>Modalidad: <\/strong>ARTISTICA<\/p>\n\n\n\n<p><strong>Ley de educaci\u00f3n<\/strong>: LEY DE EDUCACI\u00d3N PROVINCIAL N\u00ba 13.688<\/p>\n\n\n\n<p><strong>Norma jurisdiccional de aprobaci\u00f3n: <\/strong><a href=\"https:\/\/eafv-bue.infd.edu.ar\/sitio\/wp-content\/uploads\/2022\/10\/DC-PROFESORADO-DE-CERAMICA.pdf\">RESOLUCION N\u00b0 886\/11<\/a><\/p>\n\n\n\n<p><\/p>\n\n\n\n<pre class=\"wp-block-preformatted\"><strong>MATERIAS<\/strong><\/pre>\n\n\n\n<figure id=\"table_materias\" class=\"wp-block-table\"><table><thead><tr><th>ORDEN<\/th><th>MATERIA<\/th><th>MARCA MODULO<\/th><th>CARGA HORARIA<\/th><\/tr><\/thead><tbody><tr><td>A\u00f1o 1 (PRIMER GRADO)<\/td><\/tr><tr><td>1<\/td><td>LENGUAJE VISUAL I<\/td><td>HS<\/td><td>3<\/td><\/tr><tr><td>2<\/td><td>DIBUJO I<\/td><td>HS<\/td><td>2<\/td><\/tr><tr><td>3<\/td><td>CERAMICA I<\/td><td>HS<\/td><td>4<\/td><\/tr><tr><td>4<\/td><td>QUIMICA APLICADA I<\/td><td>HS<\/td><td>2<\/td><\/tr><tr><td>5<\/td><td>TALLER COMPLEMENTARIO I<\/td><td>HS<\/td><td>2<\/td><\/tr><tr><td>6<\/td><td>HISTORIA DE LAS ARTES VISUALES I<\/td><td>HS<\/td><td>2<\/td><\/tr><tr><td>7<\/td><td>PRACTICA DOCENTE I<\/td><td>HS<\/td><td>3<\/td><\/tr><tr><td>8<\/td><td>PSICOLOGIA DE LA EDUCACION I<\/td><td>HS<\/td><td>2<\/td><\/tr><tr><td>9<\/td><td>FUNDAMENTOS DE LA EDUCACION<\/td><td>HS<\/td><td>2<\/td><\/tr><tr><td>10<\/td><td>HISTORIA SOCIAL GENERAL<\/td><td>HS<\/td><td>2<\/td><\/tr><tr><td>11<\/td><td>ESPACIO DE DEFINICION INSTITUCIONAL<\/td><td>HS<\/td><td>1<\/td><\/tr><tr><td>A\u00f1o 2 (SEGUNDO GRADO)<\/td><\/tr><tr><td>1<\/td><td>LENGUAJE VISUAL II<\/td><td>HS<\/td><td>3<\/td><\/tr><tr><td>2<\/td><td>DIBUJO II<\/td><td>HS<\/td><td>2<\/td><\/tr><tr><td>3<\/td><td>CERAMICA II<\/td><td>HS<\/td><td>4<\/td><\/tr><tr><td>4<\/td><td>TECNOLOGIA APLICADA A LA CERAMICA<\/td><td>HS<\/td><td>2<\/td><\/tr><tr><td>5<\/td><td>TALLER COMPLEMENTARIO II<\/td><td>HS<\/td><td>2<\/td><\/tr><tr><td>6<\/td><td>HISTORIA DE LAS ARTES VISUALES II<\/td><td>HS<\/td><td>2<\/td><\/tr><tr><td>7<\/td><td>PRACTICA DOCENTE II<\/td><td>HS<\/td><td>3<\/td><\/tr><tr><td>8<\/td><td>HISTORIA SOCIOPOLITICA DE LATINOAMERICA Y ARGENTINA<\/td><td>HS<\/td><td>2<\/td><\/tr><tr><td>9<\/td><td>DIDACTICA GENERAL<\/td><td>HS<\/td><td>2<\/td><\/tr><tr><td>10<\/td><td>PSICOLOGIA DE LA EDUCACION II<\/td><td>HS<\/td><td>2<\/td><\/tr><tr><td>11<\/td><td>ESPACIO DE DEFINICION INSTITUCIONAL<\/td><td>HS<\/td><td>1<\/td><\/tr><tr><td>A\u00f1o 3 (TERCER GRADO)<\/td><\/tr><tr><td>1<\/td><td>LENGUAJE VISUAL III<\/td><td>HS<\/td><td>3<\/td><\/tr><tr><td>2<\/td><td>DIBUJO III<\/td><td>HS<\/td><td>2<\/td><\/tr><tr><td>3<\/td><td>CERAMICA III<\/td><td>HS<\/td><td>5<\/td><\/tr><tr><td>4<\/td><td>QUIMICA APLICADA II<\/td><td>HS<\/td><td>2<\/td><\/tr><tr><td>5<\/td><td>MEDIOS AUDIOVISUALES E IMAGEN DIGITAL<\/td><td>HS<\/td><td>2<\/td><\/tr><tr><td>6<\/td><td>HISTORIA DE LAS ARTES VISUALES III<\/td><td>HS<\/td><td>2<\/td><\/tr><tr><td>7<\/td><td>DIDACTICA DE LAS ARTES VISUALES I<\/td><td>HS<\/td><td>2<\/td><\/tr><tr><td>8<\/td><td>PRACTICA DOCENTE III<\/td><td>HS<\/td><td>4<\/td><\/tr><tr><td>9<\/td><td>POLITICA EDUCATIVA<\/td><td>HS<\/td><td>2<\/td><\/tr><tr><td>10<\/td><td>TEORIAS DEL ARTE I<\/td><td>HS<\/td><td>2<\/td><\/tr><tr><td>11<\/td><td>ESPACIO DE DEFINICION INSTITUCIONAL<\/td><td>HS<\/td><td>1<\/td><\/tr><tr><td>A\u00f1o 4 (CUARTO GRADO)<\/td><\/tr><tr><td>1<\/td><td>CERAMICA IV<\/td><td>HS<\/td><td>5<\/td><\/tr><tr><td>2<\/td><td>DIBUJO IV<\/td><td>HS<\/td><td>2<\/td><\/tr><tr><td>3<\/td><td>ARTES COMBINADAS<\/td><td>HS<\/td><td>2<\/td><\/tr><tr><td>4<\/td><td>DIDACTICA DE LAS ARTES VISUALES II<\/td><td>HS<\/td><td>2<\/td><\/tr><tr><td>5<\/td><td>PRACTICA DOCENTE IV<\/td><td>HS<\/td><td>4<\/td><\/tr><tr><td>6<\/td><td>TEORIAS DEL ARTE II<\/td><td>HS<\/td><td>2<\/td><\/tr><tr><td>7<\/td><td>METODOLOGIA DE LA INVESTIGACION EN ARTES<\/td><td>HS<\/td><td>3<\/td><\/tr><tr><td>8<\/td><td>ESPACIO DE DEFINICION INSTITUCIONAL<\/td><td>HS<\/td><td>1<\/td><\/tr><\/tbody><\/table><\/figure>\n\n\n\n<pre class=\"wp-block-preformatted\"><strong>REGIMEN DE CORRELATIVIDADES<\/strong><\/pre>\n\n\n\n<figure class=\"wp-block-image size-large\"><img decoding=\"async\" loading=\"lazy\" width=\"1240\" height=\"1755\" src=\"https:\/\/eafv-bue.infd.edu.ar\/sitio\/wp-content\/uploads\/2022\/10\/CORRELATIVIDADES-CERAMICA_page-0001.jpg\" alt=\"\" class=\"wp-image-1001\" srcset=\"https:\/\/eafv-bue.infd.edu.ar\/sitio\/wp-content\/uploads\/2022\/10\/CORRELATIVIDADES-CERAMICA_page-0001.jpg 1240w, https:\/\/eafv-bue.infd.edu.ar\/sitio\/wp-content\/uploads\/2022\/10\/CORRELATIVIDADES-CERAMICA_page-0001-707x1000.jpg 707w, https:\/\/eafv-bue.infd.edu.ar\/sitio\/wp-content\/uploads\/2022\/10\/CORRELATIVIDADES-CERAMICA_page-0001-768x1087.jpg 768w, https:\/\/eafv-bue.infd.edu.ar\/sitio\/wp-content\/uploads\/2022\/10\/CORRELATIVIDADES-CERAMICA_page-0001-1085x1536.jpg 1085w\" sizes=\"(max-width: 1240px) 100vw, 1240px\" \/><\/figure>\n","protected":false},"excerpt":{"rendered":"<p>T\u00edtulo: PROFESORADO DE ARTES VISUALES (ORIENTACION CERAMICA) Orientaci\u00f3n: CERAMICA Modalidad: ARTISTICA Ley de educaci\u00f3n: LEY DE EDUCACI\u00d3N PROVINCIAL N\u00ba 13.688 Norma jurisdiccional de aprobaci\u00f3n: RESOLUCION N\u00b0 886\/11 MATERIAS ORDEN MATERIA MARCA MODULO CARGA HORARIA A\u00f1o 1 (PRIMER GRADO) 1 LENGUAJE VISUAL I HS 3 2 DIBUJO I HS 2 3 CERAMICA I HS 4 4 &#8230; <a title=\"PROFESORADO DE ARTES VISUALES (ORIENTACION CERAMICA)\" class=\"read-more\" href=\"https:\/\/eafv-bue.infd.edu.ar\/sitio\/profesorado-en-ceramica\/\" aria-label=\"More on PROFESORADO DE ARTES VISUALES (ORIENTACION CERAMICA)\">[+]<\/a><\/p>\n","protected":false},"author":87,"featured_media":0,"parent":0,"menu_order":0,"comment_status":"closed","ping_status":"closed","template":"","meta":[],"acf":[],"_links":{"self":[{"href":"https:\/\/eafv-bue.infd.edu.ar\/sitio\/wp-json\/wp\/v2\/pages\/1000"}],"collection":[{"href":"https:\/\/eafv-bue.infd.edu.ar\/sitio\/wp-json\/wp\/v2\/pages"}],"about":[{"href":"https:\/\/eafv-bue.infd.edu.ar\/sitio\/wp-json\/wp\/v2\/types\/page"}],"author":[{"embeddable":true,"href":"https:\/\/eafv-bue.infd.edu.ar\/sitio\/wp-json\/wp\/v2\/users\/87"}],"replies":[{"embeddable":true,"href":"https:\/\/eafv-bue.infd.edu.ar\/sitio\/wp-json\/wp\/v2\/comments?post=1000"}],"version-history":[{"count":2,"href":"https:\/\/eafv-bue.infd.edu.ar\/sitio\/wp-json\/wp\/v2\/pages\/1000\/revisions"}],"predecessor-version":[{"id":1004,"href":"https:\/\/eafv-bue.infd.edu.ar\/sitio\/wp-json\/wp\/v2\/pages\/1000\/revisions\/1004"}],"wp:attachment":[{"href":"https:\/\/eafv-bue.infd.edu.ar\/sitio\/wp-json\/wp\/v2\/media?parent=1000"}],"curies":[{"name":"wp","href":"https:\/\/api.w.org\/{rel}","templated":true}]}}